{"id":20065,"date":"2025-12-10T06:29:57","date_gmt":"2025-12-10T06:29:57","guid":{"rendered":"https:\/\/oreskylaw.com\/?page_id=20065"},"modified":"2026-01-31T12:33:06","modified_gmt":"2026-01-31T12:33:06","slug":"abogados-de-lesiones-por-conmocion-cerebral","status":"publish","type":"page","link":"https:\/\/oreskylaw.com\/es\/lesion\/abogados-de-lesiones-por-conmocion-cerebral\/","title":{"rendered":"Lesi\u00f3n por Conmoci\u00f3n Cerebral"},"content":{"rendered":"<h2>Sus Abogados de Confianza en Lesiones por Conmoci\u00f3n Cerebral en NYC<\/h2>\n<p>Las conmociones cerebrales son frecuentemente descritas como \u00ablesiones cerebrales traum\u00e1ticas leves\u00bb o TBIs leves. El t\u00e9rmino \u00ableve\u00bb puede hacer que el trauma craneal parezca menor. Sin embargo, una lesi\u00f3n por conmoci\u00f3n puede tener s\u00edntomas a largo plazo y efectos duraderos que interrumpen la vida de una v\u00edctima. Un\u00a0<a href=\"https:\/\/oreskylaw.com\/es\/queens\/\">abogado de lesiones personales en Queens<\/a>\u00a0puede ayudarlo a buscar compensaci\u00f3n si est\u00e1 lidiando con p\u00e9rdidas debido a una lesi\u00f3n por conmoci\u00f3n. Aprenda m\u00e1s aqu\u00ed.<\/p>\n<h2>\u00bfQu\u00e9 es una Lesi\u00f3n por Conmoci\u00f3n Cerebral?<\/h2>\n<p>Seg\u00fan los Centros para el Control y la Prevenci\u00f3n de Enfermedades, una\u00a0<a href=\"https:\/\/www.cdc.gov\/headsup\/basics\/concussion_whatis.html\" target=\"_blank\" rel=\"nofollow noopener noreferrer\">conmoci\u00f3n<\/a>\u00a0puede ser causada por un golpe, sacud\u00f3n o golpetazo en la cabeza. Es una forma de lesi\u00f3n cerebral traum\u00e1tica.<\/p>\n<p>Una conmoci\u00f3n tambi\u00e9n puede ocurrir cuando la cabeza es sacudida violentamente o movida de atr\u00e1s hacia adelante. El movimiento hace que el cerebro \u00abrebote\u00bb dentro del cr\u00e1neo, golpeando el hueso en uno o m\u00e1s lugares.<\/p>\n<p>El tratamiento para una conmoci\u00f3n generalmente incluye descanso y tiempo. Las conmociones leves t\u00edpicamente se curan sin mayor intervenci\u00f3n m\u00e9dica en unas pocas semanas.<\/p>\n<p>Sin embargo, las conmociones pueden interrumpir la funci\u00f3n cerebral, resultando en s\u00edntomas cognitivos, emocionales y f\u00edsicos que podr\u00edan durar meses o a\u00f1os. Un individuo podr\u00eda requerir medicamentos, cirug\u00eda y rehabilitaci\u00f3n para conmociones graves.<\/p>\n<h2>\u00bfCu\u00e1les son los Efectos de una Lesi\u00f3n por Conmoci\u00f3n Cerebral?<\/h2>\n<p>Dependiendo de la severidad de la conmoci\u00f3n, una persona podr\u00eda experimentar s\u00edntomas leves a graves inmediatamente despu\u00e9s de una lesi\u00f3n o en los d\u00edas siguientes.<\/p>\n<p>Los signos y\u00a0<a href=\"https:\/\/medlineplus.gov\/traumaticbraininjury.html\" target=\"_blank\" rel=\"nofollow noopener noreferrer\">s\u00edntomas de una conmoci\u00f3n<\/a>\u00a0incluyen:<\/p>\n<div class=\"row\">\n<ul class=\"col-xl-6\">\n<li>Dolores de cabeza<\/li>\n<li>Visi\u00f3n borrosa<\/li>\n<li>P\u00e9rdida de consciencia<\/li>\n<li>Mareos<\/li>\n<li>Tinnitus (zumbidos en los o\u00eddos)<\/li>\n<li>N\u00e1useas<\/li>\n<li>Habla arrastrada<\/li>\n<\/ul>\n<ul class=\"col-xl-6\">\n<li>P\u00e9rdida de coordinaci\u00f3n y\/o destreza<\/li>\n<li>Confusi\u00f3n<\/li>\n<li>Letargo o fatiga<\/li>\n<li>Mareo<\/li>\n<li>Problemas con la atenci\u00f3n, memoria, pensamiento o concentraci\u00f3n<\/li>\n<li>Cambios en el estado de \u00e1nimo, patrones de sue\u00f1o y comportamiento<\/li>\n<\/ul>\n<\/div>\n<p>Es crucial buscar atenci\u00f3n m\u00e9dica inmediata para una lesi\u00f3n cerebral. Los s\u00edntomas leves podr\u00edan empeorar, indicando que la lesi\u00f3n cerebral no es tan \u00ableve\u00bb como se podr\u00eda haber asumido. N\u00e1useas o v\u00f3mitos repetidos, convulsiones, debilidad o entumecimiento en las piernas o brazos y un aumento de la confusi\u00f3n o agitaci\u00f3n podr\u00edan indicar una lesi\u00f3n cerebral grave.<\/p>\n<p>Algunas personas pueden sufrir\u00a0<a href=\"https:\/\/www.ncbi.nlm.nih.gov\/books\/NBK534786\/\" target=\"_blank\" rel=\"nofollow noopener noreferrer\">del s\u00edndrome postconmoci\u00f3n<\/a>\u00a0(PCS). Los s\u00edntomas comunes incluyen cambios emocionales, f\u00edsicos, conductuales y cognitivos. En lugar de que una conmoci\u00f3n se resuelva en 10 o 14 d\u00edas, los s\u00edntomas duran mucho m\u00e1s tiempo. El PCS ocurre cuando la v\u00edctima del accidente experimenta s\u00edntomas de conmoci\u00f3n por m\u00e1s de tres meses.<\/p>\n<p>Las investigaciones han demostrado que las TBIs leves o conmociones que resultan en PCS pueden tener efectos a largo plazo. El resultado podr\u00eda ser un deterioro que afecta la capacidad de la persona para trabajar o realizar actividades diarias necesarias para cuidar de ellos mismos y su familia.<\/p>\n<h2>\u00bfC\u00f3mo se Clasifican las Conmociones por Severidad?<\/h2>\n<p>Los m\u00e9dicos usan varias herramientas de diagn\u00f3stico para identificar conmociones y lesiones cerebrales traum\u00e1ticas. Los m\u00e9dicos t\u00edpicamente usan la Escala de Coma de Glasgow (GCS) para calificar una conmoci\u00f3n como leve, moderada o grave.<\/p>\n<p>La prueba mide la respuesta de una persona en:<\/p>\n<ul>\n<li>Respuesta motora<\/li>\n<li>Respuesta ocular<\/li>\n<li>Respuesta verbal<\/li>\n<\/ul>\n<p>Los m\u00e9dicos generalmente consideran la p\u00e9rdida de consciencia por cualquier per\u00edodo de tiempo como una indicaci\u00f3n de una conmoci\u00f3n grave. Dependiendo de la puntuaci\u00f3n de la persona en la GCS y otros s\u00edntomas, el m\u00e9dico podr\u00eda realizar pruebas de imagen adicionales para determinar la extensi\u00f3n de la lesi\u00f3n en la cabeza, incluidas resonancias magn\u00e9ticas, tomograf\u00edas computarizadas y radiograf\u00edas.<\/p>\n<h2>\u00bfCu\u00e1les son las Causas Comunes de una Lesi\u00f3n por Conmoci\u00f3n Cerebral?<\/h2>\n<p>Una lesi\u00f3n por conmoci\u00f3n generalmente ocurre cuando la persona recibe una lesi\u00f3n de fuerza contundente en la cabeza. Se llama lesi\u00f3n cerebral cerrada porque no hay una lesi\u00f3n penetrante. Sin embargo, podr\u00eda haber moretones y laceraciones.<\/p>\n<p>Una conmoci\u00f3n tambi\u00e9n puede ser causada cuando la cabeza es sacudida violentamente. Ejemplos podr\u00edan incluir una ca\u00edda o una explosi\u00f3n.<\/p>\n<p>Accidentes que pueden causar trauma de fuerza contundente incluyen, pero no se limitan a:<\/p>\n<div class=\"row\">\n<ul class=\"col-xl-6\">\n<li>Accidentes de coche y otros accidentes de\u00a0<a href=\"https:\/\/oreskylaw.com\/es\/queens\/abogados-de-accidentes-de-auto\/\">veh\u00edculos motorizados<\/a><\/li>\n<li>Ca\u00eddas<\/li>\n<li><a href=\"https:\/\/oreskylaw.com\/es\/queens\/abogados-de-compensacion-laboral\/\">Accidentes laborales<\/a><\/li>\n<li>Actividades recreativas<\/li>\n<\/ul>\n<ul class=\"col-xl-6\">\n<li>Jugar un deporte, como el f\u00fatbol<\/li>\n<li><a href=\"https:\/\/oreskylaw.com\/es\/queens\/abogados-de-accidentes-de-peatones\/\">Accidentes peatonales<\/a><\/li>\n<li><a href=\"https:\/\/oreskylaw.com\/es\/queens\/abogados-de-accidentes-de-motocicleta\/\">Choques de motocicletas<\/a><\/li>\n<li><a href=\"https:\/\/oreskylaw.com\/es\/queens\/abogados-de-accidentes-de-construccion\/\">Accidentes de construcci\u00f3n<\/a><\/li>\n<li><a href=\"https:\/\/oreskylaw.com\/es\/queens\/abogados-de-accidentes-de-bicicleta\/\">Accidentes de bicicleta<\/a><\/li>\n<\/ul>\n<\/div>\n<p>Las personas que han sufrido lesiones previas por conmoci\u00f3n tienen un mayor riesgo de sostener otra conmoci\u00f3n en un accidente. Sin embargo, eso no significa que la persona que caus\u00f3 el accidente actual no sea responsable de los da\u00f1os. Ser m\u00e1s propenso a sufrir una conmoci\u00f3n no libera de responsabilidad por causar una lesi\u00f3n.<\/p>\n    <div class=\"cw-cta-box\">\n        <div class=\"cw-cta-box__inner \">\n            <div class=\"cw-cta-box__info\">\n                                    <div class=\"label\">\u00a1Llame ahora!<\/div>\n                            <\/div>\n                            <div class=\"contact-phone\">\n                    <a href=\"tel:7189939999\"\n                        aria-label=\"Tap to call button\">\n                        718-993-9999                    <\/a>\n                <\/div>\n                    <\/div>\n                    <a href=\"\/es\/contacto\/\"\n               class=\"cta-btn btn btn--primary btn\"\n               target=\"\">\n                Obtenga Una Consulta Gratuita            <\/a>\n            <\/div>\n    \n<h2>\u00bfC\u00f3mo Se Recupera la Compensaci\u00f3n por una Lesi\u00f3n por Conmoci\u00f3n Cerebral?<\/h2>\n<p>Las v\u00edctimas de lesiones y accidentes tienen la carga de demostrar que otra parte caus\u00f3 su lesi\u00f3n antes de que puedan recuperar la compensaci\u00f3n por da\u00f1os. Un abogado de lesiones cerebrales en Queens manejar\u00e1 la investigaci\u00f3n del accidente y recopilar\u00e1 evidencia probando la causa y la culpa del accidente que result\u00f3 en su lesi\u00f3n cerebral.<\/p>\n<p>Una vez que su abogado establezca la responsabilidad por una lesi\u00f3n por conmoci\u00f3n, exigir\u00e1 una compensaci\u00f3n completa por todos los da\u00f1os que haya sufrido.<\/p>\n<p>En la mayor\u00eda de los casos, las v\u00edctimas de lesiones personales pueden recuperar el reembolso por sus\u00a0<a href=\"https:\/\/oreskylaw.com\/es\/blog\/lesiones-personales-danos-economicos\/\">da\u00f1os econ\u00f3micos<\/a>, incluyendo:<\/p>\n<ul>\n<li>El costo del tratamiento m\u00e9dico y cuidado<\/li>\n<li>La p\u00e9rdida de ingresos, sueldos, salarios y beneficios<\/li>\n<li><a href=\"https:\/\/oreskylaw.com\/es\/blog\/gastos-de-bolsillo-por-lesiones-personales\/\">Gastos<\/a>\u00a0y costos de bolsillo<\/li>\n<li>El costo de terapia f\u00edsica, terapia ocupacional y otras formas de rehabilitaci\u00f3n<\/li>\n<li>Asistencia con las tareas dom\u00e9sticas y cuidado personal<\/li>\n<\/ul>\n<p>Tambi\u00e9n podr\u00eda tener derecho a da\u00f1os futuros si sufre una discapacidad permanente por una conmoci\u00f3n. Estos da\u00f1os podr\u00edan incluir compensaci\u00f3n por tratamiento m\u00e9dico continuo, cuidado personal, cuidado de enfermer\u00eda a largo plazo y p\u00e9rdida futura de capacidad de ganancia.<\/p>\n<p>Adem\u00e1s, puede recuperar compensaci\u00f3n por sus da\u00f1os no econ\u00f3micos.<\/p>\n<p>Los da\u00f1os por dolor y sufrimiento incluyen:<\/p>\n<div class=\"row\">\n<ul class=\"col-xl-6\">\n<li>Sufrimiento f\u00edsico y dolor<\/li>\n<li>Angustia mental y trauma<\/li>\n<li>Discapacidades e impedimentos permanentes<\/li>\n<\/ul>\n<ul class=\"col-xl-6\">\n<li>P\u00e9rdida del disfrute de la vida<\/li>\n<li>Distr\u00e9s emocional<\/li>\n<li>Una disminuci\u00f3n en su calidad de vida<\/li>\n<\/ul>\n<\/div>\n<p>T\u00edpicamente, a medida que aumenta la gravedad de su conmoci\u00f3n cerebral, el valor de sus da\u00f1os aumenta. Por ejemplo, una persona con una conmoci\u00f3n grave podr\u00eda requerir terapia rehabilitadora extensiva. Tambi\u00e9n pueden estar fuera del trabajo por per\u00edodos m\u00e1s largos, o pueden no poder ganar tanto como antes de la conmoci\u00f3n.<\/p>\n<p>Su abogado podr\u00eda trabajar con especialistas m\u00e9dicos y otros testigos expertos para determinar la extensi\u00f3n de sus da\u00f1os. Trabajar\u00e1n para responsabilizar financieramente a la parte culpable por todos los da\u00f1os que usted haya sufrido.<\/p>\n<h2>\u00bfPuedo Recuperar Compensaci\u00f3n por una Conmoci\u00f3n Si Soy Parcialmente Culpable?<\/h2>\n<p>New York tiene un est\u00e1ndar de culpa comparativa pura para casos de lesiones personales. Una parte lesionada no est\u00e1 impedida de recibir compensaci\u00f3n por da\u00f1os, incluso si tienen parte de la culpa por la causa de su lesi\u00f3n. En cambio, la compensaci\u00f3n de la persona se reduce en su porcentaje de culpa.<\/p>\n<p>Por ejemplo, supongamos que un jurado decide que usted tiene un 10% de culpa por la causa del accidente automovil\u00edstico que result\u00f3 en su conmoci\u00f3n. Los jurados le otorgan $750.000 en da\u00f1os.<\/p>\n<p>Dado que usted ten\u00eda un 10% de culpa, su compensaci\u00f3n se reduce en $75.000. Esa cantidad es el 10% del monto total de la compensaci\u00f3n.<\/p>\n<p>Las compa\u00f1\u00edas de seguros a menudo intentan desplazar la culpa de la causa de una lesi\u00f3n a la v\u00edctima para poder subvalorar un reclamo. Hablar con un ajustador de seguros sin asesoramiento legal podr\u00eda proporcionar a la compa\u00f1\u00eda evidencia para usar en su contra. Antes de acordar hacer una declaraci\u00f3n o responder preguntas sobre su lesi\u00f3n por conmoci\u00f3n cerebral, hable con un abogado sobre su caso.<\/p>\n<h2>Contacte a un Abogado de Lesiones Personales en Queens para una Consulta Gratuita Despu\u00e9s de Sostener una Lesi\u00f3n por Conmoci\u00f3n Cerebral<\/h2>\n<p>Usted merece una compensaci\u00f3n justa y equitativa por una lesi\u00f3n cerebral traum\u00e1tica. <a href=\"https:\/\/oreskylaw.com\/es\/contacto\/\">Cont\u00e1ctenos<\/a> en\u00a0<a href=\"https:\/\/oreskylaw.com\/es\/acerca-de-nosotros\/\">Oresky &amp; Associates<\/a>, PLLC para programar una consulta gratuita y discutir su conmoci\u00f3n cerebral con un experimentado abogado de lesiones personales en Queens\u00a0<a href=\"tel:+19299304705\">(929) 930-4705<\/a>. Trabajemos juntos para resolver su reclamo para que tenga el dinero de los recursos que necesita a medida que contin\u00faa avanzando despu\u00e9s de una lesi\u00f3n por conmoci\u00f3n cerebral.<\/p>\n","protected":false},"excerpt":{"rendered":"<p>Sus Abogados de Confianza en Lesiones por Conmoci\u00f3n Cerebral en NYC Las conmociones cerebrales son frecuentemente descritas como \u00ablesiones cerebrales traum\u00e1ticas leves\u00bb o TBIs leves. El t\u00e9rmino \u00ableve\u00bb puede hacer que el trauma craneal parezca menor. Sin embargo, una lesi\u00f3n por conmoci\u00f3n puede tener s\u00edntomas a largo plazo y efectos duraderos que interrumpen la vida [&hellip;]<\/p>\n","protected":false},"author":9,"featured_media":0,"parent":19949,"menu_order":21,"comment_status":"closed","ping_status":"closed","template":"","meta":{"_acf_changed":false,"footnotes":""},"class_list":["post-20065","page","type-page","status-publish","hentry"],"acf":[],"yoast_head":"<!-- This site is optimized with the Yoast SEO plugin v27.3 - https:\/\/yoast.com\/product\/yoast-seo-wordpress\/ -->\n<title>Abogado de Lesiones por Conmoci\u00f3n Cerebral - Oresky &amp; Associates, PLLC<\/title>\n<meta name=\"description\" content=\"Las conmociones cerebrales pueden tener consecuencias duraderas. Nuestro bufete de abogados luchar\u00e1 para obtener compensaci\u00f3n. \u00a1Ll\u00e1menos hoy mismo!\" \/>\n<meta name=\"robots\" content=\"index, follow, max-snippet:-1, max-image-preview:large, max-video-preview:-1\" \/>\n<link rel=\"canonical\" href=\"https:\/\/oreskylaw.com\/es\/lesion\/abogados-de-lesiones-por-conmocion-cerebral\/\" \/>\n<meta property=\"og:locale\" content=\"es_ES\" \/>\n<meta property=\"og:type\" content=\"article\" \/>\n<meta property=\"og:title\" content=\"Abogado de Lesiones por Conmoci\u00f3n Cerebral - Oresky &amp; Associates, PLLC\" \/>\n<meta property=\"og:description\" content=\"Las conmociones cerebrales pueden tener consecuencias duraderas. Nuestro bufete de abogados luchar\u00e1 para obtener compensaci\u00f3n. \u00a1Ll\u00e1menos hoy mismo!\" \/>\n<meta property=\"og:url\" content=\"https:\/\/oreskylaw.com\/es\/lesion\/abogados-de-lesiones-por-conmocion-cerebral\/\" \/>\n<meta property=\"og:site_name\" content=\"Oresky &amp; Associates, PLLC\" \/>\n<meta property=\"article:publisher\" content=\"https:\/\/www.facebook.com\/Oreskylaw\/\" \/>\n<meta property=\"article:modified_time\" content=\"2026-01-31T12:33:06+00:00\" \/>\n<meta property=\"og:image\" content=\"https:\/\/oreskylaw.com\/wp-content\/uploads\/2026\/01\/oresky-team-careers.png\" \/>\n\t<meta property=\"og:image:width\" content=\"995\" \/>\n\t<meta property=\"og:image:height\" content=\"617\" \/>\n\t<meta property=\"og:image:type\" content=\"image\/png\" \/>\n<meta name=\"twitter:card\" content=\"summary_large_image\" \/>\n<meta name=\"twitter:site\" content=\"@JacobOreskyLaw\" \/>\n<meta name=\"twitter:label1\" content=\"Tiempo de lectura\" \/>\n\t<meta name=\"twitter:data1\" content=\"6 minutos\" \/>\n<!-- \/ Yoast SEO plugin. -->","yoast_head_json":{"title":"Abogado de Lesiones por Conmoci\u00f3n Cerebral - Oresky & Associates, PLLC","description":"Las conmociones cerebrales pueden tener consecuencias duraderas. Nuestro bufete de abogados luchar\u00e1 para obtener compensaci\u00f3n. \u00a1Ll\u00e1menos hoy mismo!","robots":{"index":"index","follow":"follow","max-snippet":"max-snippet:-1","max-image-preview":"max-image-preview:large","max-video-preview":"max-video-preview:-1"},"canonical":"https:\/\/oreskylaw.com\/es\/lesion\/abogados-de-lesiones-por-conmocion-cerebral\/","og_locale":"es_ES","og_type":"article","og_title":"Abogado de Lesiones por Conmoci\u00f3n Cerebral - Oresky & Associates, PLLC","og_description":"Las conmociones cerebrales pueden tener consecuencias duraderas. Nuestro bufete de abogados luchar\u00e1 para obtener compensaci\u00f3n. \u00a1Ll\u00e1menos hoy mismo!","og_url":"https:\/\/oreskylaw.com\/es\/lesion\/abogados-de-lesiones-por-conmocion-cerebral\/","og_site_name":"Oresky &amp; Associates, PLLC","article_publisher":"https:\/\/www.facebook.com\/Oreskylaw\/","article_modified_time":"2026-01-31T12:33:06+00:00","og_image":[{"width":995,"height":617,"url":"https:\/\/oreskylaw.com\/wp-content\/uploads\/2026\/01\/oresky-team-careers.png","type":"image\/png"}],"twitter_card":"summary_large_image","twitter_site":"@JacobOreskyLaw","twitter_misc":{"Tiempo de lectura":"6 minutos"},"schema":{"@context":"https:\/\/schema.org","@graph":[{"@type":"WebPage","@id":"https:\/\/oreskylaw.com\/es\/lesion\/abogados-de-lesiones-por-conmocion-cerebral\/","url":"https:\/\/oreskylaw.com\/es\/lesion\/abogados-de-lesiones-por-conmocion-cerebral\/","name":"Abogado de Lesiones por Conmoci\u00f3n Cerebral - Oresky & Associates, PLLC","isPartOf":{"@id":"https:\/\/oreskylaw.com\/es\/#website"},"datePublished":"2025-12-10T06:29:57+00:00","dateModified":"2026-01-31T12:33:06+00:00","description":"Las conmociones cerebrales pueden tener consecuencias duraderas. Nuestro bufete de abogados luchar\u00e1 para obtener compensaci\u00f3n. \u00a1Ll\u00e1menos hoy mismo!","breadcrumb":{"@id":"https:\/\/oreskylaw.com\/es\/lesion\/abogados-de-lesiones-por-conmocion-cerebral\/#breadcrumb"},"inLanguage":"es","potentialAction":[{"@type":"ReadAction","target":["https:\/\/oreskylaw.com\/es\/lesion\/abogados-de-lesiones-por-conmocion-cerebral\/"]}]},{"@type":"BreadcrumbList","@id":"https:\/\/oreskylaw.com\/es\/lesion\/abogados-de-lesiones-por-conmocion-cerebral\/#breadcrumb","itemListElement":[{"@type":"ListItem","position":1,"name":"Inicio","item":"https:\/\/oreskylaw.com\/es\/"},{"@type":"ListItem","position":2,"name":"Recursos","item":"https:\/\/oreskylaw.com\/es\/lesion\/"},{"@type":"ListItem","position":3,"name":"Lesi\u00f3n por Conmoci\u00f3n Cerebral"}]},{"@type":"WebSite","@id":"https:\/\/oreskylaw.com\/es\/#website","url":"https:\/\/oreskylaw.com\/es\/","name":"Oresky & Associates PLLC","description":"","publisher":{"@id":"https:\/\/oreskylaw.com\/es\/#organization"},"potentialAction":[{"@type":"SearchAction","target":{"@type":"EntryPoint","urlTemplate":"https:\/\/oreskylaw.com\/es\/?s={search_term_string}"},"query-input":{"@type":"PropertyValueSpecification","valueRequired":true,"valueName":"search_term_string"}}],"inLanguage":"es"}]}},"_links":{"self":[{"href":"https:\/\/oreskylaw.com\/es\/wp-json\/wp\/v2\/pages\/20065","targetHints":{"allow":["GET"]}}],"collection":[{"href":"https:\/\/oreskylaw.com\/es\/wp-json\/wp\/v2\/pages"}],"about":[{"href":"https:\/\/oreskylaw.com\/es\/wp-json\/wp\/v2\/types\/page"}],"author":[{"embeddable":true,"href":"https:\/\/oreskylaw.com\/es\/wp-json\/wp\/v2\/users\/9"}],"replies":[{"embeddable":true,"href":"https:\/\/oreskylaw.com\/es\/wp-json\/wp\/v2\/comments?post=20065"}],"version-history":[{"count":0,"href":"https:\/\/oreskylaw.com\/es\/wp-json\/wp\/v2\/pages\/20065\/revisions"}],"up":[{"embeddable":true,"href":"https:\/\/oreskylaw.com\/es\/wp-json\/wp\/v2\/pages\/19949"}],"wp:attachment":[{"href":"https:\/\/oreskylaw.com\/es\/wp-json\/wp\/v2\/media?parent=20065"}],"curies":[{"name":"wp","href":"https:\/\/api.w.org\/{rel}","templated":true}]}}