{"id":20077,"date":"2025-12-10T06:30:18","date_gmt":"2025-12-10T06:30:18","guid":{"rendered":"https:\/\/oreskylaw.com\/?page_id=20077"},"modified":"2026-01-31T12:33:56","modified_gmt":"2026-01-31T12:33:56","slug":"abogados-de-paralisis-de-erb","status":"publish","type":"page","link":"https:\/\/oreskylaw.com\/es\/lesion\/abogados-de-paralisis-de-erb\/","title":{"rendered":"New York Par\u00e1lisis Representaci\u00f3n Erb"},"content":{"rendered":"<h2>Sus abogados de confianza en NYC Erb&#8217;s Paralyst<\/h2>\n<p>\u00bfSu reci\u00e9n nacido ha sufrido da\u00f1os en los nervios o lesiones en el hombro debido al descuido o la negligencia de un m\u00e9dico profesional durante el parto?<\/p>\n<h3>Luchamos agresivamente por los derechos de nuestros clientes<\/h3>\n<p>\u00bfSu reci\u00e9n nacido ha sufrido da\u00f1os en los nervios o lesiones en el hombro debido a un descuido o negligencia durante el parto? \u00bfTu hijo tiene un brazo que claramente no se desarrolla al mismo ritmo que el otro miembro? Es muy probable que tu hijo sufra la par\u00e1lisis de Erb o Duchenne, una afecci\u00f3n provocada por el da\u00f1o a los nervios durante el parto&#8230; y tambi\u00e9n es probable que las lesiones se hayan podido evitar con un cuidado razonable.<\/p>\n<h2>Luchando por los derechos de los ni\u00f1os con Erb par\u00e1lisis<\/h2>\n<p>Nuestros abogados comprenden las fallas m\u00e9dicas que pueden causar la par\u00e1lisis de Erb, que incluyen<\/p>\n<ul>\n<li>Tirar excesivamente de los hombros del beb\u00e9 durante un parto con la cabeza puesta en la cabeza<\/li>\n<li>Aplicar una presi\u00f3n excesiva sobre los brazos levantados del ni\u00f1o durante un parto de nalgas o con los pies primero<\/li>\n<li>No dar la luz por ces\u00e1rea<\/li>\n<li>El uso negligente de f\u00f3rceps o succi\u00f3n durante el parto<\/li>\n<\/ul>\n<h2>Nuestro equipo puede empezar a trabajar para usted desde el momento en que llame<\/h2>\n<p>Cuando se trata de litigios, no hay tiempo que perder. Una vez que llame a nuestra oficina, podemos comenzar a construir su caso en su lucha por una compensaci\u00f3n. En tres breves pasos, su viaje legal puede comenzar hoy.<\/p>\n<h3>Evaluaci\u00f3n de casos gratuita<\/h3>\n<p>Llame a nuestra oficina, env\u00edenos un correo electr\u00f3nico o chatee con nosotros en l\u00ednea para recibir una evaluaci\u00f3n gratuita de su caso.<\/p>\n<h3>Inscribirse<\/h3>\n<p>Tras la revisi\u00f3n gratuita de su caso, podemos configurar su perfil de cliente y recopilar toda la informaci\u00f3n que ya tenga.<\/p>\n<h3>Comience su recuperaci\u00f3n<\/h3>\n<p>Podemos ocuparnos de su caso desde aqu\u00ed y actualizarlo a medida que avance. Puede centrarse en su salud mientras nosotros nos centramos en su caso.<\/p>\n    <div class=\"cw-cta-box\">\n        <div class=\"cw-cta-box__inner \">\n            <div class=\"cw-cta-box__info\">\n                                    <div class=\"label\">\u00a1Llame ahora!<\/div>\n                            <\/div>\n                            <div class=\"contact-phone\">\n                    <a href=\"tel:7189939999\"\n                        aria-label=\"Tap to call button\">\n                        718-993-9999                    <\/a>\n                <\/div>\n                    <\/div>\n                    <a href=\"\/es\/contacto\/\"\n               class=\"cta-btn btn btn--primary btn\"\n               target=\"\">\n                Obtenga Una Consulta Gratuita            <\/a>\n            <\/div>\n    \n<h2>Cuestiones legales comunes<\/h2>\n\n                <div class=\"cw-accordion \" data-all-open=\"false\" data-accordion-enabled=\"true\">\n                    <div class=\"cw-accordion__wrapper\">\n                <div class=\"cw-accordion__item\"><button class=\"cw-accordion__item-title\" aria-expanded=\"false\" aria-controls=\"panel1\" id=\"accordion1\">\u00bfQu\u00e9 debe probarse para ganar un caso de negligencia m\u00e9dica?<\/button><div class=\"cw-accordion__item-content\" id=\"panel1\" role=\"region\" aria-labelledby=\"accordion1\"><p>Una v\u00edctima de lesiones personales debe probar varios de los elementos t\u00edpicos de\u00a0<a href=\"https:\/\/www.law.cornell.edu\/wex\/negligence\" target=\"_blank\" rel=\"nofollow noopener noreferrer\">negligencia<\/a>\u00a0para ganar su caso de negligencia m\u00e9dica. Deben demostrar que el proveedor m\u00e9dico les deb\u00eda un deber de cuidado, incumpli\u00f3 ese deber y caus\u00f3 sus lesiones. Tambi\u00e9n deben demostrar que sufrieron da\u00f1os como resultado de la negligencia m\u00e9dica. Los casos de negligencia y negligencia m\u00e9dica generalmente requieren el uso de expertos m\u00e9dicos para demostrar c\u00f3mo un proveedor se desvi\u00f3 de su est\u00e1ndar de atenci\u00f3n.<\/p>\n<\/div><\/div><div class=\"cw-accordion__item\"><button class=\"cw-accordion__item-title\" aria-expanded=\"false\" aria-controls=\"panel2\" id=\"accordion2\">\u00bfQu\u00e9 es la negligencia m\u00e9dica?<\/button><div class=\"cw-accordion__item-content\" id=\"panel2\" role=\"region\" aria-labelledby=\"accordion2\"><p>Todos los m\u00e9dicos, m\u00e9dicos y enfermeras deben cumplir con un est\u00e1ndar profesional de atenci\u00f3n al tratar a los pacientes. Este est\u00e1ndar de atenci\u00f3n lo determina la comunidad m\u00e9dica.\u00a0<a href=\"https:\/\/www.law.cornell.edu\/wex\/malpractice\" target=\"_blank\" rel=\"nofollow noopener noreferrer\">Negligencia m\u00e9dica<\/a>\u00a0ocurre cuando un m\u00e9dico profesional no brinda el nivel de atenci\u00f3n adecuado y lesiona a un paciente. La negligencia m\u00e9dica generalmente resulta en el empeoramiento de una afecci\u00f3n existente.<\/p>\n<\/div><\/div><div class=\"cw-accordion__item\"><button class=\"cw-accordion__item-title\" aria-expanded=\"false\" aria-controls=\"panel3\" id=\"accordion3\">\u00bfC\u00f3mo funciona una demanda por negligencia m\u00e9dica?<\/button><div class=\"cw-accordion__item-content\" id=\"panel3\" role=\"region\" aria-labelledby=\"accordion3\"><p>Las demandas por negligencia m\u00e9dica generalmente comienzan con una reclamaci\u00f3n de seguro. Su abogado intentar\u00e1 probar su caso y negociar un acuerdo que cubra sus da\u00f1os. Si obtener una compensaci\u00f3n fuera del tribunal no es una opci\u00f3n, puede entablar una demanda civil. \u00bfQuieres saber m\u00e1s?\u00a0<a href=\"https:\/\/oreskylaw.com\/es\/blog\/como-funciona-una-demanda-por-negligencia-medica\/\">Lea nuestro art\u00edculo completo aqu\u00ed<\/a>.<\/p>\n<\/div><\/div><div class=\"cw-accordion__item\"><button class=\"cw-accordion__item-title\" aria-expanded=\"false\" aria-controls=\"panel4\" id=\"accordion4\">\u00bfCu\u00e1l es el acuerdo promedio para una demanda por negligencia m\u00e9dica?<\/button><div class=\"cw-accordion__item-content\" id=\"panel4\" role=\"region\" aria-labelledby=\"accordion4\"><p>Dado que la negligencia m\u00e9dica cubre una variedad tan amplia de lesiones y escenarios, no existe un monto promedio de liquidaci\u00f3n para una demanda por negligencia m\u00e9dica. Adem\u00e1s, muchos factores individuales pueden afectar el monto de un acuerdo, como la permanencia de la lesi\u00f3n y el impacto en su trabajo, y si su caso se resuelve extrajudicialmente. Cuando piense en su caso de mala praxis, recuerde que se trata de una lesi\u00f3n personal con p\u00e9rdidas. Luego, la mala praxis se subclasifica en diferentes tipos, cada uno con su propia \u00e1rea.\u00a0<a href=\"https:\/\/oreskylaw.com\/es\/blog\/cual-es-el-acuerdo-promedio-para-una-demanda-por-negligencia-medica\/\">Para obtener m\u00e1s informaci\u00f3n, lea nuestro art\u00edculo completo aqu\u00ed<\/a>.<\/p>\n<\/div><\/div><\/div><\/div>\n<h2>Contrata a un abogado con experiencia en par\u00e1lisis de Erb<\/h2>\n<p>Entendemos que los casos de negligencia m\u00e9dica pueden ser complejos, por lo que trabajaremos en estrecha colaboraci\u00f3n con testigos expertos, cuando corresponda, para preparar y presentar pruebas claras y convincentes que respalden sus reclamaciones. Construiremos cuidadosamente su caso, analizando todas las posibles implicaciones financieras de criar a un ni\u00f1o con la par\u00e1lisis de Erb. Nuestros abogados utilizar\u00e1n sus considerables habilidades, conocimientos, experiencia y recursos para ayudar a obtener una compensaci\u00f3n completa y justa por todas sus p\u00e9rdidas.<\/p>\n<h2>P\u00f3ngase en contacto con la oficina legal de Oresky &amp; Associates, PLLC para comenzar<\/h2>\n<p><a href=\"https:\/\/oreskylaw.com\/es\/contacto\/\">Ponte en contacto con nosotros hoy mismo<\/a>\u00a0o llama\u00a0<a href=\"tel:+19299304705\">(929) 930-4705<\/a>\u00a0para que nuestro equipo trabaje en su caso. Estamos disponibles para atender su llamada las 24 horas del d\u00eda, los siete d\u00edas de la semana. Gestionamos todas las reclamaciones de Erb por par\u00e1lisis de forma contingente. No pagar\u00e1 ning\u00fan honorario de abogado a menos que obtengamos una compensaci\u00f3n mediante un acuerdo o veredicto.<\/p>\n<p>En las oficinas legales de Oresky &amp; Associates, PLLC, representamos agresivamente a personas que han sufrido lesiones en el estado de New York y sus alrededores, incluida la ciudad de New York, el Bronx, Queens, Manhattan, Brooklyn (condado de Kings), Staten Island (condado de Richmond), Westchester, Long Island, condado de Suffolk y condado de Nassau.<\/p>\n","protected":false},"excerpt":{"rendered":"<p>Sus abogados de confianza en NYC Erb&#8217;s Paralyst \u00bfSu reci\u00e9n nacido ha sufrido da\u00f1os en los nervios o lesiones en el hombro debido al descuido o la negligencia de un m\u00e9dico profesional durante el parto? Luchamos agresivamente por los derechos de nuestros clientes \u00bfSu reci\u00e9n nacido ha sufrido da\u00f1os en los nervios o lesiones en [&hellip;]<\/p>\n","protected":false},"author":9,"featured_media":0,"parent":19949,"menu_order":24,"comment_status":"closed","ping_status":"closed","template":"","meta":{"_acf_changed":false,"footnotes":""},"class_list":["post-20077","page","type-page","status-publish","hentry"],"acf":[],"yoast_head":"<!-- This site is optimized with the Yoast SEO plugin v27.3 - https:\/\/yoast.com\/product\/yoast-seo-wordpress\/ -->\n<title>Abogado de Erb Par\u00e1lisis - Oresky &amp; Associates, PLLC<\/title>\n<meta name=\"description\" content=\"La par\u00e1lisis de Erb puede ser devastadora. Nuestros abogados comprenden sus desaf\u00edos y luchar\u00e1n por justicia y compensaci\u00f3n. \u00a1Cont\u00e1ctenos para consultar!\" \/>\n<meta name=\"robots\" content=\"index, follow, max-snippet:-1, max-image-preview:large, max-video-preview:-1\" \/>\n<link rel=\"canonical\" href=\"https:\/\/oreskylaw.com\/es\/lesion\/abogados-de-paralisis-de-erb\/\" \/>\n<meta property=\"og:locale\" content=\"es_ES\" \/>\n<meta property=\"og:type\" content=\"article\" \/>\n<meta property=\"og:title\" content=\"Abogado de Erb Par\u00e1lisis - Oresky &amp; Associates, PLLC\" \/>\n<meta property=\"og:description\" content=\"La par\u00e1lisis de Erb puede ser devastadora. Nuestros abogados comprenden sus desaf\u00edos y luchar\u00e1n por justicia y compensaci\u00f3n. \u00a1Cont\u00e1ctenos para consultar!\" \/>\n<meta property=\"og:url\" content=\"https:\/\/oreskylaw.com\/es\/lesion\/abogados-de-paralisis-de-erb\/\" \/>\n<meta property=\"og:site_name\" content=\"Oresky &amp; Associates, PLLC\" \/>\n<meta property=\"article:publisher\" content=\"https:\/\/www.facebook.com\/Oreskylaw\/\" \/>\n<meta property=\"article:modified_time\" content=\"2026-01-31T12:33:56+00:00\" \/>\n<meta property=\"og:image\" content=\"https:\/\/oreskylaw.com\/wp-content\/uploads\/2026\/01\/oresky-team-careers.png\" \/>\n\t<meta property=\"og:image:width\" content=\"995\" \/>\n\t<meta property=\"og:image:height\" content=\"617\" \/>\n\t<meta property=\"og:image:type\" content=\"image\/png\" \/>\n<meta name=\"twitter:card\" content=\"summary_large_image\" \/>\n<meta name=\"twitter:site\" content=\"@JacobOreskyLaw\" \/>\n<meta name=\"twitter:label1\" content=\"Tiempo de lectura\" \/>\n\t<meta name=\"twitter:data1\" content=\"3 minutos\" \/>\n<!-- \/ Yoast SEO plugin. -->","yoast_head_json":{"title":"Abogado de Erb Par\u00e1lisis - Oresky & Associates, PLLC","description":"La par\u00e1lisis de Erb puede ser devastadora. Nuestros abogados comprenden sus desaf\u00edos y luchar\u00e1n por justicia y compensaci\u00f3n. \u00a1Cont\u00e1ctenos para consultar!","robots":{"index":"index","follow":"follow","max-snippet":"max-snippet:-1","max-image-preview":"max-image-preview:large","max-video-preview":"max-video-preview:-1"},"canonical":"https:\/\/oreskylaw.com\/es\/lesion\/abogados-de-paralisis-de-erb\/","og_locale":"es_ES","og_type":"article","og_title":"Abogado de Erb Par\u00e1lisis - Oresky & Associates, PLLC","og_description":"La par\u00e1lisis de Erb puede ser devastadora. Nuestros abogados comprenden sus desaf\u00edos y luchar\u00e1n por justicia y compensaci\u00f3n. \u00a1Cont\u00e1ctenos para consultar!","og_url":"https:\/\/oreskylaw.com\/es\/lesion\/abogados-de-paralisis-de-erb\/","og_site_name":"Oresky &amp; Associates, PLLC","article_publisher":"https:\/\/www.facebook.com\/Oreskylaw\/","article_modified_time":"2026-01-31T12:33:56+00:00","og_image":[{"width":995,"height":617,"url":"https:\/\/oreskylaw.com\/wp-content\/uploads\/2026\/01\/oresky-team-careers.png","type":"image\/png"}],"twitter_card":"summary_large_image","twitter_site":"@JacobOreskyLaw","twitter_misc":{"Tiempo de lectura":"3 minutos"},"schema":{"@context":"https:\/\/schema.org","@graph":[{"@type":"WebPage","@id":"https:\/\/oreskylaw.com\/es\/lesion\/abogados-de-paralisis-de-erb\/","url":"https:\/\/oreskylaw.com\/es\/lesion\/abogados-de-paralisis-de-erb\/","name":"Abogado de Erb Par\u00e1lisis - Oresky & Associates, PLLC","isPartOf":{"@id":"https:\/\/oreskylaw.com\/es\/#website"},"datePublished":"2025-12-10T06:30:18+00:00","dateModified":"2026-01-31T12:33:56+00:00","description":"La par\u00e1lisis de Erb puede ser devastadora. Nuestros abogados comprenden sus desaf\u00edos y luchar\u00e1n por justicia y compensaci\u00f3n. \u00a1Cont\u00e1ctenos para consultar!","breadcrumb":{"@id":"https:\/\/oreskylaw.com\/es\/lesion\/abogados-de-paralisis-de-erb\/#breadcrumb"},"inLanguage":"es","potentialAction":[{"@type":"ReadAction","target":["https:\/\/oreskylaw.com\/es\/lesion\/abogados-de-paralisis-de-erb\/"]}]},{"@type":"BreadcrumbList","@id":"https:\/\/oreskylaw.com\/es\/lesion\/abogados-de-paralisis-de-erb\/#breadcrumb","itemListElement":[{"@type":"ListItem","position":1,"name":"Inicio","item":"https:\/\/oreskylaw.com\/es\/"},{"@type":"ListItem","position":2,"name":"Recursos","item":"https:\/\/oreskylaw.com\/es\/lesion\/"},{"@type":"ListItem","position":3,"name":"New York Par\u00e1lisis Representaci\u00f3n Erb"}]},{"@type":"WebSite","@id":"https:\/\/oreskylaw.com\/es\/#website","url":"https:\/\/oreskylaw.com\/es\/","name":"Oresky & Associates PLLC","description":"","publisher":{"@id":"https:\/\/oreskylaw.com\/es\/#organization"},"potentialAction":[{"@type":"SearchAction","target":{"@type":"EntryPoint","urlTemplate":"https:\/\/oreskylaw.com\/es\/?s={search_term_string}"},"query-input":{"@type":"PropertyValueSpecification","valueRequired":true,"valueName":"search_term_string"}}],"inLanguage":"es"}]}},"_links":{"self":[{"href":"https:\/\/oreskylaw.com\/es\/wp-json\/wp\/v2\/pages\/20077","targetHints":{"allow":["GET"]}}],"collection":[{"href":"https:\/\/oreskylaw.com\/es\/wp-json\/wp\/v2\/pages"}],"about":[{"href":"https:\/\/oreskylaw.com\/es\/wp-json\/wp\/v2\/types\/page"}],"author":[{"embeddable":true,"href":"https:\/\/oreskylaw.com\/es\/wp-json\/wp\/v2\/users\/9"}],"replies":[{"embeddable":true,"href":"https:\/\/oreskylaw.com\/es\/wp-json\/wp\/v2\/comments?post=20077"}],"version-history":[{"count":0,"href":"https:\/\/oreskylaw.com\/es\/wp-json\/wp\/v2\/pages\/20077\/revisions"}],"up":[{"embeddable":true,"href":"https:\/\/oreskylaw.com\/es\/wp-json\/wp\/v2\/pages\/19949"}],"wp:attachment":[{"href":"https:\/\/oreskylaw.com\/es\/wp-json\/wp\/v2\/media?parent=20077"}],"curies":[{"name":"wp","href":"https:\/\/api.w.org\/{rel}","templated":true}]}}