{"id":20089,"date":"2025-12-10T06:30:43","date_gmt":"2025-12-10T06:30:43","guid":{"rendered":"https:\/\/oreskylaw.com\/?page_id=20089"},"modified":"2026-01-31T12:36:35","modified_gmt":"2026-01-31T12:36:35","slug":"abogados-de-envenenamiento-por-plomo","status":"publish","type":"page","link":"https:\/\/oreskylaw.com\/es\/lesion\/abogados-de-envenenamiento-por-plomo\/","title":{"rendered":"El Envenenamiento por Plomo Abogado NY"},"content":{"rendered":"<h2>Defendemos los derechos de las v\u00edctimas envenenamiento por plomo<\/h2>\n<p>En Oresky &amp; Associates, PLLC, nuestros abogados proporcionan representaci\u00f3n legal dedicada a los ni\u00f1os que han sido afectados por la exposici\u00f3n de pintura con plomo.<\/p>\n<h3>En representaci\u00f3n de los ni\u00f1os heridos por la pintura con plomo Exposici\u00f3n En New York<\/h3>\n<p>La pintura con plomo es un peligro oculto en muchos edificios de apartamentos de New Yorkque pueden dejar a los ni\u00f1os vulnerables con da\u00f1o cerebral grave. Los propietarios pueden ser responsables cuando su fracaso para eliminar o pintura Abate plomo provoque este tipo de consecuencias tr\u00e1gicas.<\/p>\n<p><strong>Oresky &amp; Associates, LLC<\/strong>\u00a0nuestros abogados proporcionan representaci\u00f3n legal dedicada a los ni\u00f1os que han sido afectados por la exposici\u00f3n de pintura con plomo. Nuestros abogados de la intoxicaci\u00f3n de plomo investigar\u00e1n y revisar\u00e1n su potencial demanda. No tendr\u00e1 que pagar cuota de An abogados hasta que resolvamos su caso y de dinero para cobrar da\u00f1os y perjuicios a trav\u00e9s de un acuerdo o veredicto del jurado<\/p>\n<h2>No pagar\u00e1 ni un centavo a menos que ganemos su caso<\/h2>\n<p><strong>Hemos ganado numerosos asentamientos y obtenido acuerdos financieros sustanciales para los clientes afectados por el envenenamiento por plomo.<\/strong>\u00a0Algunos notables asentamientos y los veredictos del jurado que han sido alcanzados por nuestra New York la intoxicaci\u00f3n por plomo incluyen:<\/p>\n<ul>\n<li>875.000$ otorgado a un ni\u00f1o herido por intoxicaci\u00f3n por plomo en la pintura.<\/li>\n<li>750.000$ otorgado a un ni\u00f1o herido por intoxicaci\u00f3n por plomo en la pintura.<\/li>\n<\/ul>\n<p>* Los resultados anteriores no garantizan un resultado futuro similar.<\/p>\n<h2>Un r\u00e9cord de \u00e9xito basado en el trabajo duro y la dedicaci\u00f3n<\/h2>\n<p>Cuando se trata de litigios, no hay tiempo que perder. Una vez llame a nuestra oficina, podemos comenzar a construir su caso en la b\u00fasqueda de su compensaci\u00f3n. En tres cortos pasos, su camino legal puede empezar hoy.<\/p>\n<h3>Evaluaci\u00f3n de casos gratuita<\/h3>\n<p>Llame a nuestra oficina, env\u00edenos un correo electr\u00f3nico o converse con nosotros en l\u00ednea para recibir una evaluaci\u00f3n gratuita de su caso.<\/p>\n<h3>Inscr\u00edbase<\/h3>\n<p>Luego de la revisi\u00f3n gratuita a su caso, podemos crear su perfil de cliente y recopilar la informaci\u00f3n que usted disponga.<\/p>\n<h3>Inicie su recuperaci\u00f3n<\/h3>\n<p>Nos hacemos cargo de su caso, actualiz\u00e1ndole en la medida que avanza. Usted puede concentrarse en su salud al par que nos enfocamos en su caso.<\/p>\n    <div class=\"cw-cta-box\">\n        <div class=\"cw-cta-box__inner \">\n            <div class=\"cw-cta-box__info\">\n                                    <div class=\"label\">\u00a1Llame ahora!<\/div>\n                            <\/div>\n                            <div class=\"contact-phone\">\n                    <a href=\"tel:7189939999\"\n                        aria-label=\"Tap to call button\">\n                        718-993-9999                    <\/a>\n                <\/div>\n                    <\/div>\n                    <a href=\"\/es\/contacto\/\"\n               class=\"cta-btn btn btn--primary btn\"\n               target=\"\">\n                Obtenga Una Consulta Gratuita            <\/a>\n            <\/div>\n    \n<h2>La comprensi\u00f3n de las responsabilidades legales de su propietario<\/h2>\n<p>Los ni\u00f1os que ingieren pintura con plomo puede terminar con problemas cognitivos, trastornos del habla y otras lesiones cerebrales graves y permanentes. Muchos ni\u00f1os con intoxicaci\u00f3n grave por plomo son incapaces de competir en un entorno escolar competitivo o, eventualmente, realizar un trabajo en cualquiera pero el peor remunerado ocupaciones.<\/p>\n<p>En New York, cuando los propietarios saben que hay ni\u00f1os de siete a\u00f1os o menos en sus edificios, deben tomar las medidas apropiadas para eliminar de forma segura la pintura con plomo. Actuar r\u00e1pidamente para proteger a su hijo del envenenamiento por plomo poni\u00e9ndose en contacto con un abogado con experiencia en el envenenamiento por plomo Oresky &amp; Associates, PLLC.<br \/>\n.<\/p>\n<p>Si usted est\u00e1 preocupado de que su hijo pueda haber estado expuesto al plomo en su casa, usted debe obtener un an\u00e1lisis de sangre de inmediato. Si el envenenamiento por plomo es capturado pronto, se pueden utilizar procedimientos m\u00e9dicos como la terapia de quelaci\u00f3n para disminuir el impacto de la exposici\u00f3n.<\/p>\n<p>Si el propietario actu\u00f3 con negligencia o dej\u00f3 de cumplir con las leyes de reducci\u00f3n de plomo de New York, su hijo puede tener derecho a una compensaci\u00f3n monetaria por su dolor y sufrimiento, y otros da\u00f1os. El plomo Ciudad de contacto Nuestra New York, Envenenamiento abogados hoy para una consulta gratuita.<\/p>\n","protected":false},"excerpt":{"rendered":"<p>Defendemos los derechos de las v\u00edctimas envenenamiento por plomo En Oresky &amp; Associates, PLLC, nuestros abogados proporcionan representaci\u00f3n legal dedicada a los ni\u00f1os que han sido afectados por la exposici\u00f3n de pintura con plomo. En representaci\u00f3n de los ni\u00f1os heridos por la pintura con plomo Exposici\u00f3n En New York La pintura con plomo es un [&hellip;]<\/p>\n","protected":false},"author":9,"featured_media":0,"parent":19949,"menu_order":28,"comment_status":"closed","ping_status":"closed","template":"","meta":{"_acf_changed":false,"footnotes":""},"class_list":["post-20089","page","type-page","status-publish","hentry"],"acf":[],"yoast_head":"<!-- This site is optimized with the Yoast SEO plugin v27.3 - https:\/\/yoast.com\/product\/yoast-seo-wordpress\/ -->\n<title>Abogado de Lesiones de Envenenamiento por Plomo - Oresky &amp; Associates, PLLC<\/title>\n<meta name=\"description\" content=\"Intoxicaci\u00f3n por plomo puede tener consecuencias devastadoras. Nuestros abogados le ayudar\u00e1n a explorar opciones legales y ganar compensaci\u00f3n. \u00a1Ll\u00e1menos hoy!\" \/>\n<meta name=\"robots\" content=\"index, follow, max-snippet:-1, max-image-preview:large, max-video-preview:-1\" \/>\n<link rel=\"canonical\" href=\"https:\/\/oreskylaw.com\/es\/lesion\/abogados-de-envenenamiento-por-plomo\/\" \/>\n<meta property=\"og:locale\" content=\"es_ES\" \/>\n<meta property=\"og:type\" content=\"article\" \/>\n<meta property=\"og:title\" content=\"Abogado de Lesiones de Envenenamiento por Plomo - Oresky &amp; Associates, PLLC\" \/>\n<meta property=\"og:description\" content=\"Intoxicaci\u00f3n por plomo puede tener consecuencias devastadoras. Nuestros abogados le ayudar\u00e1n a explorar opciones legales y ganar compensaci\u00f3n. \u00a1Ll\u00e1menos hoy!\" \/>\n<meta property=\"og:url\" content=\"https:\/\/oreskylaw.com\/es\/lesion\/abogados-de-envenenamiento-por-plomo\/\" \/>\n<meta property=\"og:site_name\" content=\"Oresky &amp; Associates, PLLC\" \/>\n<meta property=\"article:publisher\" content=\"https:\/\/www.facebook.com\/Oreskylaw\/\" \/>\n<meta property=\"article:modified_time\" content=\"2026-01-31T12:36:35+00:00\" \/>\n<meta property=\"og:image\" content=\"https:\/\/oreskylaw.com\/wp-content\/uploads\/2026\/01\/oresky-team-careers.png\" \/>\n\t<meta property=\"og:image:width\" content=\"995\" \/>\n\t<meta property=\"og:image:height\" content=\"617\" \/>\n\t<meta property=\"og:image:type\" content=\"image\/png\" \/>\n<meta name=\"twitter:card\" content=\"summary_large_image\" \/>\n<meta name=\"twitter:site\" content=\"@JacobOreskyLaw\" \/>\n<meta name=\"twitter:label1\" content=\"Tiempo de lectura\" \/>\n\t<meta name=\"twitter:data1\" content=\"3 minutos\" \/>\n<!-- \/ Yoast SEO plugin. -->","yoast_head_json":{"title":"Abogado de Lesiones de Envenenamiento por Plomo - Oresky & Associates, PLLC","description":"Intoxicaci\u00f3n por plomo puede tener consecuencias devastadoras. Nuestros abogados le ayudar\u00e1n a explorar opciones legales y ganar compensaci\u00f3n. \u00a1Ll\u00e1menos hoy!","robots":{"index":"index","follow":"follow","max-snippet":"max-snippet:-1","max-image-preview":"max-image-preview:large","max-video-preview":"max-video-preview:-1"},"canonical":"https:\/\/oreskylaw.com\/es\/lesion\/abogados-de-envenenamiento-por-plomo\/","og_locale":"es_ES","og_type":"article","og_title":"Abogado de Lesiones de Envenenamiento por Plomo - Oresky & Associates, PLLC","og_description":"Intoxicaci\u00f3n por plomo puede tener consecuencias devastadoras. Nuestros abogados le ayudar\u00e1n a explorar opciones legales y ganar compensaci\u00f3n. \u00a1Ll\u00e1menos hoy!","og_url":"https:\/\/oreskylaw.com\/es\/lesion\/abogados-de-envenenamiento-por-plomo\/","og_site_name":"Oresky &amp; Associates, PLLC","article_publisher":"https:\/\/www.facebook.com\/Oreskylaw\/","article_modified_time":"2026-01-31T12:36:35+00:00","og_image":[{"width":995,"height":617,"url":"https:\/\/oreskylaw.com\/wp-content\/uploads\/2026\/01\/oresky-team-careers.png","type":"image\/png"}],"twitter_card":"summary_large_image","twitter_site":"@JacobOreskyLaw","twitter_misc":{"Tiempo de lectura":"3 minutos"},"schema":{"@context":"https:\/\/schema.org","@graph":[{"@type":"WebPage","@id":"https:\/\/oreskylaw.com\/es\/lesion\/abogados-de-envenenamiento-por-plomo\/","url":"https:\/\/oreskylaw.com\/es\/lesion\/abogados-de-envenenamiento-por-plomo\/","name":"Abogado de Lesiones de Envenenamiento por Plomo - Oresky & Associates, PLLC","isPartOf":{"@id":"https:\/\/oreskylaw.com\/es\/#website"},"datePublished":"2025-12-10T06:30:43+00:00","dateModified":"2026-01-31T12:36:35+00:00","description":"Intoxicaci\u00f3n por plomo puede tener consecuencias devastadoras. Nuestros abogados le ayudar\u00e1n a explorar opciones legales y ganar compensaci\u00f3n. \u00a1Ll\u00e1menos hoy!","breadcrumb":{"@id":"https:\/\/oreskylaw.com\/es\/lesion\/abogados-de-envenenamiento-por-plomo\/#breadcrumb"},"inLanguage":"es","potentialAction":[{"@type":"ReadAction","target":["https:\/\/oreskylaw.com\/es\/lesion\/abogados-de-envenenamiento-por-plomo\/"]}]},{"@type":"BreadcrumbList","@id":"https:\/\/oreskylaw.com\/es\/lesion\/abogados-de-envenenamiento-por-plomo\/#breadcrumb","itemListElement":[{"@type":"ListItem","position":1,"name":"Inicio","item":"https:\/\/oreskylaw.com\/es\/"},{"@type":"ListItem","position":2,"name":"Recursos","item":"https:\/\/oreskylaw.com\/es\/lesion\/"},{"@type":"ListItem","position":3,"name":"El Envenenamiento por Plomo Abogado NY"}]},{"@type":"WebSite","@id":"https:\/\/oreskylaw.com\/es\/#website","url":"https:\/\/oreskylaw.com\/es\/","name":"Oresky & Associates PLLC","description":"","publisher":{"@id":"https:\/\/oreskylaw.com\/es\/#organization"},"potentialAction":[{"@type":"SearchAction","target":{"@type":"EntryPoint","urlTemplate":"https:\/\/oreskylaw.com\/es\/?s={search_term_string}"},"query-input":{"@type":"PropertyValueSpecification","valueRequired":true,"valueName":"search_term_string"}}],"inLanguage":"es"}]}},"_links":{"self":[{"href":"https:\/\/oreskylaw.com\/es\/wp-json\/wp\/v2\/pages\/20089","targetHints":{"allow":["GET"]}}],"collection":[{"href":"https:\/\/oreskylaw.com\/es\/wp-json\/wp\/v2\/pages"}],"about":[{"href":"https:\/\/oreskylaw.com\/es\/wp-json\/wp\/v2\/types\/page"}],"author":[{"embeddable":true,"href":"https:\/\/oreskylaw.com\/es\/wp-json\/wp\/v2\/users\/9"}],"replies":[{"embeddable":true,"href":"https:\/\/oreskylaw.com\/es\/wp-json\/wp\/v2\/comments?post=20089"}],"version-history":[{"count":0,"href":"https:\/\/oreskylaw.com\/es\/wp-json\/wp\/v2\/pages\/20089\/revisions"}],"up":[{"embeddable":true,"href":"https:\/\/oreskylaw.com\/es\/wp-json\/wp\/v2\/pages\/19949"}],"wp:attachment":[{"href":"https:\/\/oreskylaw.com\/es\/wp-json\/wp\/v2\/media?parent=20089"}],"curies":[{"name":"wp","href":"https:\/\/api.w.org\/{rel}","templated":true}]}}