{"id":20097,"date":"2025-12-10T06:31:05","date_gmt":"2025-12-10T06:31:05","guid":{"rendered":"https:\/\/oreskylaw.com\/?page_id=20097"},"modified":"2026-01-31T12:40:17","modified_gmt":"2026-01-31T12:40:17","slug":"abogados-de-lesiones-danos-a-los-nervios","status":"publish","type":"page","link":"https:\/\/oreskylaw.com\/es\/lesion\/abogados-de-lesiones-danos-a-los-nervios\/","title":{"rendered":"Da\u00f1o Nervioso"},"content":{"rendered":"<h2>Sus Abogados de Confianza en Da\u00f1o Nervioso en NYC<\/h2>\n<p>Sus nervios conectan su cerebro con su cuerpo. Cuando sufre da\u00f1os en los nervios, puede experimentar muchos s\u00edntomas, incluyendo dolor y p\u00e9rdida de destreza. A ra\u00edz del da\u00f1o nervioso, podr\u00eda necesitar tratamiento m\u00e9dico, terapia f\u00edsica y medicaci\u00f3n. Mientras cuida de su salud, podr\u00eda tener que faltar al trabajo o incluso cambiar de empleo. Inf\u00f3rmese sobre las causas y s\u00edntomas del da\u00f1o nervioso as\u00ed como de la compensaci\u00f3n que puede solicitar por esta condici\u00f3n.<\/p>\n<h2>\u00bfC\u00f3mo Funciona Su Sistema Nervioso?<\/h2>\n<p>El sistema nervioso incluye el cerebro, la m\u00e9dula espinal y los nervios. El cerebro controla su sistema nervioso. Recopila informaci\u00f3n de sus sentidos y utiliza impulsos nerviosos para controlar sus \u00f3rganos y m\u00fasculos.<\/p>\n<p>Dos conjuntos de nervios se conectan a su cerebro. Sus nervios craneales controlan los m\u00fasculos de la cabeza para masticar y hacer expresiones faciales, y tambi\u00e9n se conectan a los \u00f3rganos sensoriales en su cabeza: la lengua, orejas, nariz y ojos.<\/p>\n<p>Su m\u00e9dula espinal tambi\u00e9n se conecta a su cerebro. La m\u00e9dula espinal lleva las se\u00f1ales nerviosas a todos los m\u00fasculos y \u00f3rganos por debajo de su cuello. Sus nervios tambi\u00e9n transportan se\u00f1ales desde su piel hasta su cerebro para proporcionar informaci\u00f3n sobre la temperatura, la presi\u00f3n y la textura.<\/p>\n<p>La m\u00e9dula espinal se ramifica en ra\u00edces nerviosas en cada v\u00e9rtebra de su columna. Cada ra\u00edz nerviosa contiene un haz de nervios para una regi\u00f3n del cuerpo o un grupo de \u00f3rganos. Por ejemplo, una ra\u00edz nerviosa en su cuello controla su mano y brazo derecho. Hay <a href=\"https:\/\/www.ncbi.nlm.nih.gov\/books\/NBK542218\/\" target=\"_blank\" rel=\"nofollow noopener noreferrer\">31 pares de ra\u00edces nerviosas<\/a>\u00a0que se ramifican desde su m\u00e9dula espinal en 43 pares de nervios perif\u00e9ricos.<\/p>\n<h2>\u00bfCu\u00e1les son los Grados de Da\u00f1o Nervioso?<\/h2>\n<p>El da\u00f1o nervioso generalmente se refiere a lesiones en los nervios perif\u00e9ricos, nervios craneales o ra\u00edces nerviosas. Cuando se lesionan sus nervios, estos no pueden conducir se\u00f1ales nerviosas. Hay <a href=\"https:\/\/www.hopkinsmedicine.org\/health\/conditions-and-diseases\/peripheral-nerve-injury\" target=\"_blank\" rel=\"nofollow noopener noreferrer\">cinco grados de da\u00f1o nervioso<\/a>. El grado de da\u00f1o nervioso determina la cantidad de funci\u00f3n que tiene y las opciones de tratamiento disponibles.<\/p>\n<p>El da\u00f1o nervioso de primer o segundo grado generalmente se cura por s\u00ed solo porque el nervio solo tiene un problema de conducci\u00f3n temporal. Esto generalmente ocurre cuando un nervio se comprime por algo que se disloca y pellizca el nervio.<\/p>\n<p>El da\u00f1o nervioso de tercer, cuarto y quinto grado requiere reparaci\u00f3n quir\u00fargica porque el nervio ha sido lesionado de forma permanente. Esto sucede cuando un nervio se estira, se desgarra o se corta. En algunos casos, los m\u00e9dicos pueden reparar los nervios da\u00f1ados a trav\u00e9s de injertos nerviosos. Tambi\u00e9n pueden aliviar la presi\u00f3n sobre los nervios comprimidos al eliminar quir\u00fargicamente el tejido que presiona el nervio. Pero los nervios no se regeneran por s\u00ed solos. Si los m\u00e9dicos no pueden reparar el nervio quir\u00fargicamente, podr\u00eda enfrentar una discapacidad permanente.<\/p>\n    <div class=\"cw-cta-box\">\n        <div class=\"cw-cta-box__inner \">\n            <div class=\"cw-cta-box__info\">\n                                    <div class=\"label\">\u00a1Llame ahora!<\/div>\n                            <\/div>\n                            <div class=\"contact-phone\">\n                    <a href=\"tel:7189939999\"\n                        aria-label=\"Tap to call button\">\n                        718-993-9999                    <\/a>\n                <\/div>\n                    <\/div>\n                    <a href=\"\/es\/contacto\/\"\n               class=\"cta-btn btn btn--primary btn\"\n               target=\"\">\n                Obtenga Una Consulta Gratuita            <\/a>\n            <\/div>\n    \n<h2>\u00bfQu\u00e9 Puede Causar Da\u00f1o Nervioso?<\/h2>\n<p>El da\u00f1o nervioso puede ocurrir de varias maneras. Laceraciones y heridas penetrantes, fracturas \u00f3seas, lesiones de disco, inflamaci\u00f3n y quemaduras son las causas m\u00e1s comunes.<\/p>\n<h3>Laceraciones y Heridas Penetrantes<\/h3>\n<p>Laceraciones, abrasiones y otras heridas penetrantes pueden cortar nervios. Las c\u00e9lulas nerviosas pierden conexi\u00f3n entre s\u00ed y no pueden conducir se\u00f1ales nerviosas. Las se\u00f1ales sensoriales no pueden viajar al cerebro, y las se\u00f1ales de control no pueden viajar desde el cerebro. Esto resulta en una p\u00e9rdida de sensibilidad a la temperatura y la presi\u00f3n y una p\u00e9rdida de destreza.<\/p>\n<p>Por ejemplo, si sufre un corte profundo o incluso una abrasi\u00f3n en su pierna debido a un\u00a0<a href=\"https:\/\/oreskylaw.com\/es\/queens\/abogados-de-accidentes-de-motocicleta\/\">accidente de motocicleta<\/a>, podr\u00eda cortar y estirar los nervios. Como resultado, sufrir\u00e1 s\u00edntomas de da\u00f1o nervioso por debajo de la lesi\u00f3n en la pierna, como entumecimiento y debilidad en su pie.<\/p>\n<h3>Fracturas \u00d3seas<\/h3>\n<p>Los extremos rotos del hueso pueden desplazarse cuando un hueso se fractura. Al desplazarse, pueden estirar y desgarrar tejidos blandos, incluyendo m\u00fasculos, vasos sangu\u00edneos y nervios. Los nervios da\u00f1ados ya no transportar\u00e1n se\u00f1ales nerviosas por debajo de la lesi\u00f3n.<\/p>\n<h3>Lesiones de Disco<\/h3>\n<p>La presi\u00f3n sobre su columna puede deformar los discos entre las v\u00e9rtebras. Cuando los discos se deforman, pueden herniarse o abultarse. Un disco herniado se produce cuando el material dentro del disco se exprime. Un disco abultado se hunde a medida que las paredes del disco se debilitan.<\/p>\n<p>En cualquiera de los casos, el disco deformado puede presionar una ra\u00edz nerviosa cerca de la columna. La presi\u00f3n sobre la ra\u00edz nerviosa puede hacer que los nervios se inflamen.<\/p>\n<p>Los m\u00e9dicos no tienen muchas opciones para tratar las lesiones de disco. Pueden inyectar drogas antiinflamatorias en la ra\u00edz nerviosa inflamada. Tambi\u00e9n pueden eliminar el disco da\u00f1ado. Despu\u00e9s de la eliminaci\u00f3n, los m\u00e9dicos pueden reemplazar el disco da\u00f1ado con un disco artificial o fusionar las v\u00e9rtebras adyacentes al disco faltante.<\/p>\n<h3>Inflamaci\u00f3n<\/h3>\n<p>Las lesiones causan inflamaci\u00f3n en sus tejidos. Esta inflamaci\u00f3n es la defensa de su cuerpo contra la infecci\u00f3n. Los tejidos se hinchan para cortar la circulaci\u00f3n a la lesi\u00f3n, atrapando cualquier microorganismo da\u00f1ino en el \u00e1rea lesionada.<\/p>\n<p>Cuando el tejido lesionado se hincha, comprime el nervio, lo que lleva a la inflamaci\u00f3n del nervio. El nervio inflamado dispara err\u00f3neamente, causando s\u00edntomas como:<\/p>\n<ul>\n<li>Dolor<\/li>\n<li>Entumecimiento o hormigueo<\/li>\n<li>Sensaciones de ardor<\/li>\n<li>Espasmos musculares<\/li>\n<li>Debilidad<\/li>\n<\/ul>\n<p>Los problemas nerviosos que vienen de esta compresi\u00f3n generalmente desaparecer\u00e1n despu\u00e9s de que la hinchaz\u00f3n disminuye.<\/p>\n<h3>Quemaduras<\/h3>\n<p>Las quemaduras ocurren cuando una reacci\u00f3n qu\u00edmica destruye tejido. Las quemaduras pueden tomar muchas formas, incluyendo:<\/p>\n<ul>\n<li>T\u00e9rmicas<\/li>\n<li>De combusti\u00f3n<\/li>\n<li>Qu\u00edmicas<\/li>\n<li>De radiaci\u00f3n<\/li>\n<li>El\u00e9ctricas<\/li>\n<\/ul>\n<p>Cuando los nervios se queman, ya no funcionan correctamente. Un nervio da\u00f1ado puede producir un dolor insoportable porque a\u00fan env\u00eda algunas se\u00f1ales al cerebro. Pero si el nervio se destruye, perder\u00e1 toda sensaci\u00f3n. Por eso las quemaduras de tercer grado no causan dolor mientras que las de segundo o primer grado causan dolor severo.<\/p>\n<h2>\u00bfC\u00f3mo Obtener Compensaci\u00f3n por Da\u00f1o Nervioso?<\/h2>\n<p>Puede buscar compensaci\u00f3n por da\u00f1o nervioso que result\u00f3 de la negligencia de otra persona. Pero para obtener compensaci\u00f3n, debe probar la causalidad. Causalidad significa que puede establecer un v\u00ednculo factual y legal entre su da\u00f1o nervioso y la violaci\u00f3n del deber del demandado.<\/p>\n<p>Si un accidente da\u00f1\u00f3 sus nervios, podr\u00eda probar la causalidad. Incluso puede demostrar causalidad si su da\u00f1o nervioso fue un resultado natural de sus lesiones. Por ejemplo, supongamos que se rompi\u00f3 el tobillo en un accidente y los huesos rotos da\u00f1aron los nervios que van a su pie. Puede establecer la causalidad.<\/p>\n<p>El da\u00f1o nervioso podr\u00eda producir discapacidades permanentes. Puede necesitar tratamiento m\u00e9dico, terapia f\u00edsica y medicaci\u00f3n para hacer frente a los efectos del da\u00f1o nervioso. Para conocer la compensaci\u00f3n que puede buscar por el impacto de su da\u00f1o nervioso,\u00a0<a href=\"https:\/\/oreskylaw.com\/es\/contacto\/\">comun\u00edquese<\/a>\u00a0con nuestro bufete\u00a0<a href=\"https:\/\/oreskylaw.com\/es\/acerca-de-nosotros\/\">Oresky &amp; Associates, PLLC<\/a>\u00a0para una consulta gratuita.<\/p>\n","protected":false},"excerpt":{"rendered":"<p>Sus Abogados de Confianza en Da\u00f1o Nervioso en NYC Sus nervios conectan su cerebro con su cuerpo. Cuando sufre da\u00f1os en los nervios, puede experimentar muchos s\u00edntomas, incluyendo dolor y p\u00e9rdida de destreza. A ra\u00edz del da\u00f1o nervioso, podr\u00eda necesitar tratamiento m\u00e9dico, terapia f\u00edsica y medicaci\u00f3n. Mientras cuida de su salud, podr\u00eda tener que faltar [&hellip;]<\/p>\n","protected":false},"author":9,"featured_media":0,"parent":19949,"menu_order":30,"comment_status":"closed","ping_status":"closed","template":"","meta":{"_acf_changed":false,"footnotes":""},"class_list":["post-20097","page","type-page","status-publish","hentry"],"acf":[],"yoast_head":"<!-- This site is optimized with the Yoast SEO plugin v27.3 - https:\/\/yoast.com\/product\/yoast-seo-wordpress\/ -->\n<title>Abogado de Lesiones de Da\u00f1o Nervioso - Oresky &amp; Associates, PLLC<\/title>\n<meta name=\"description\" content=\"El da\u00f1o nervioso no deber\u00eda limitar su futuro. Nuestros abogados expertos luchar\u00e1n por la compensaci\u00f3n que necesita. \u00a1Contacte nuestro bufete para consulta!\" \/>\n<meta name=\"robots\" content=\"index, follow, max-snippet:-1, max-image-preview:large, max-video-preview:-1\" \/>\n<link rel=\"canonical\" href=\"https:\/\/oreskylaw.com\/es\/lesion\/abogados-de-lesiones-danos-a-los-nervios\/\" \/>\n<meta property=\"og:locale\" content=\"es_ES\" \/>\n<meta property=\"og:type\" content=\"article\" \/>\n<meta property=\"og:title\" content=\"Abogado de Lesiones de Da\u00f1o Nervioso - Oresky &amp; Associates, PLLC\" \/>\n<meta property=\"og:description\" content=\"El da\u00f1o nervioso no deber\u00eda limitar su futuro. Nuestros abogados expertos luchar\u00e1n por la compensaci\u00f3n que necesita. \u00a1Contacte nuestro bufete para consulta!\" \/>\n<meta property=\"og:url\" content=\"https:\/\/oreskylaw.com\/es\/lesion\/abogados-de-lesiones-danos-a-los-nervios\/\" \/>\n<meta property=\"og:site_name\" content=\"Oresky &amp; Associates, PLLC\" \/>\n<meta property=\"article:publisher\" content=\"https:\/\/www.facebook.com\/Oreskylaw\/\" \/>\n<meta property=\"article:modified_time\" content=\"2026-01-31T12:40:17+00:00\" \/>\n<meta property=\"og:image\" content=\"https:\/\/oreskylaw.com\/wp-content\/uploads\/2026\/01\/oresky-team-careers.png\" \/>\n\t<meta property=\"og:image:width\" content=\"995\" \/>\n\t<meta property=\"og:image:height\" content=\"617\" \/>\n\t<meta property=\"og:image:type\" content=\"image\/png\" \/>\n<meta name=\"twitter:card\" content=\"summary_large_image\" \/>\n<meta name=\"twitter:site\" content=\"@JacobOreskyLaw\" \/>\n<meta name=\"twitter:label1\" content=\"Tiempo de lectura\" \/>\n\t<meta name=\"twitter:data1\" content=\"5 minutos\" \/>\n<!-- \/ Yoast SEO plugin. -->","yoast_head_json":{"title":"Abogado de Lesiones de Da\u00f1o Nervioso - Oresky & Associates, PLLC","description":"El da\u00f1o nervioso no deber\u00eda limitar su futuro. Nuestros abogados expertos luchar\u00e1n por la compensaci\u00f3n que necesita. \u00a1Contacte nuestro bufete para consulta!","robots":{"index":"index","follow":"follow","max-snippet":"max-snippet:-1","max-image-preview":"max-image-preview:large","max-video-preview":"max-video-preview:-1"},"canonical":"https:\/\/oreskylaw.com\/es\/lesion\/abogados-de-lesiones-danos-a-los-nervios\/","og_locale":"es_ES","og_type":"article","og_title":"Abogado de Lesiones de Da\u00f1o Nervioso - Oresky & Associates, PLLC","og_description":"El da\u00f1o nervioso no deber\u00eda limitar su futuro. Nuestros abogados expertos luchar\u00e1n por la compensaci\u00f3n que necesita. \u00a1Contacte nuestro bufete para consulta!","og_url":"https:\/\/oreskylaw.com\/es\/lesion\/abogados-de-lesiones-danos-a-los-nervios\/","og_site_name":"Oresky &amp; Associates, PLLC","article_publisher":"https:\/\/www.facebook.com\/Oreskylaw\/","article_modified_time":"2026-01-31T12:40:17+00:00","og_image":[{"width":995,"height":617,"url":"https:\/\/oreskylaw.com\/wp-content\/uploads\/2026\/01\/oresky-team-careers.png","type":"image\/png"}],"twitter_card":"summary_large_image","twitter_site":"@JacobOreskyLaw","twitter_misc":{"Tiempo de lectura":"5 minutos"},"schema":{"@context":"https:\/\/schema.org","@graph":[{"@type":"WebPage","@id":"https:\/\/oreskylaw.com\/es\/lesion\/abogados-de-lesiones-danos-a-los-nervios\/","url":"https:\/\/oreskylaw.com\/es\/lesion\/abogados-de-lesiones-danos-a-los-nervios\/","name":"Abogado de Lesiones de Da\u00f1o Nervioso - Oresky & Associates, PLLC","isPartOf":{"@id":"https:\/\/oreskylaw.com\/es\/#website"},"datePublished":"2025-12-10T06:31:05+00:00","dateModified":"2026-01-31T12:40:17+00:00","description":"El da\u00f1o nervioso no deber\u00eda limitar su futuro. Nuestros abogados expertos luchar\u00e1n por la compensaci\u00f3n que necesita. \u00a1Contacte nuestro bufete para consulta!","breadcrumb":{"@id":"https:\/\/oreskylaw.com\/es\/lesion\/abogados-de-lesiones-danos-a-los-nervios\/#breadcrumb"},"inLanguage":"es","potentialAction":[{"@type":"ReadAction","target":["https:\/\/oreskylaw.com\/es\/lesion\/abogados-de-lesiones-danos-a-los-nervios\/"]}]},{"@type":"BreadcrumbList","@id":"https:\/\/oreskylaw.com\/es\/lesion\/abogados-de-lesiones-danos-a-los-nervios\/#breadcrumb","itemListElement":[{"@type":"ListItem","position":1,"name":"Inicio","item":"https:\/\/oreskylaw.com\/es\/"},{"@type":"ListItem","position":2,"name":"Recursos","item":"https:\/\/oreskylaw.com\/es\/lesion\/"},{"@type":"ListItem","position":3,"name":"Da\u00f1o Nervioso"}]},{"@type":"WebSite","@id":"https:\/\/oreskylaw.com\/es\/#website","url":"https:\/\/oreskylaw.com\/es\/","name":"Oresky & Associates PLLC","description":"","publisher":{"@id":"https:\/\/oreskylaw.com\/es\/#organization"},"potentialAction":[{"@type":"SearchAction","target":{"@type":"EntryPoint","urlTemplate":"https:\/\/oreskylaw.com\/es\/?s={search_term_string}"},"query-input":{"@type":"PropertyValueSpecification","valueRequired":true,"valueName":"search_term_string"}}],"inLanguage":"es"}]}},"_links":{"self":[{"href":"https:\/\/oreskylaw.com\/es\/wp-json\/wp\/v2\/pages\/20097","targetHints":{"allow":["GET"]}}],"collection":[{"href":"https:\/\/oreskylaw.com\/es\/wp-json\/wp\/v2\/pages"}],"about":[{"href":"https:\/\/oreskylaw.com\/es\/wp-json\/wp\/v2\/types\/page"}],"author":[{"embeddable":true,"href":"https:\/\/oreskylaw.com\/es\/wp-json\/wp\/v2\/users\/9"}],"replies":[{"embeddable":true,"href":"https:\/\/oreskylaw.com\/es\/wp-json\/wp\/v2\/comments?post=20097"}],"version-history":[{"count":0,"href":"https:\/\/oreskylaw.com\/es\/wp-json\/wp\/v2\/pages\/20097\/revisions"}],"up":[{"embeddable":true,"href":"https:\/\/oreskylaw.com\/es\/wp-json\/wp\/v2\/pages\/19949"}],"wp:attachment":[{"href":"https:\/\/oreskylaw.com\/es\/wp-json\/wp\/v2\/media?parent=20097"}],"curies":[{"name":"wp","href":"https:\/\/api.w.org\/{rel}","templated":true}]}}