{"id":20114,"date":"2025-12-10T06:31:28","date_gmt":"2025-12-10T06:31:28","guid":{"rendered":"https:\/\/oreskylaw.com\/?page_id=20114"},"modified":"2026-01-31T12:41:24","modified_gmt":"2026-01-31T12:41:24","slug":"abogados-de-lesiones-de-la-medula-espinal","status":"publish","type":"page","link":"https:\/\/oreskylaw.com\/es\/lesion\/abogados-de-lesiones-de-la-medula-espinal\/","title":{"rendered":"Abogado de Lesiones de la M\u00e9dula Espinal en la Ciudad de New York"},"content":{"rendered":"<h2>Sus Abogados de Lesiones de la M\u00e9dula Espinal de Confianza en NYC<\/h2>\n<p>Despu\u00e9s de su lesi\u00f3n de la m\u00e9dula espinal, nuestros abogados de lesiones personales ofrecen m\u00e1s que representaci\u00f3n legal; ofrecemos esperanza. No hay nada m\u00e1s disruptivo para su vida que una lesi\u00f3n abrumadora. Sin embargo, con nuestra defensa, puede enfocarse en su recuperaci\u00f3n mientras buscamos compensaci\u00f3n por gastos m\u00e9dicos, ingresos perdidos y, lo m\u00e1s importante, su dolor y sufrimiento.<\/p>\n<p>Oresky &amp; Associates, PLLC tiene d\u00e9cadas de experiencia legal. Un abogado de lesiones personales en la ciudad de New York puede gestionar su reclamo por lesi\u00f3n de la m\u00e9dula espinal y todo lo que conlleva responsabilizar a la parte negligente. Comience su consulta inicial gratuita hoy al\u00a0<a href=\"tel:+19299304705\">(929) 930-4705<\/a>.<\/p>\n<img loading=\"lazy\" decoding=\"async\" class=\"aligncenter wp-image-11408 size-full\" src=\"https:\/\/oreskylaw.com\/wp-content\/uploads\/2026\/01\/bronx-construction-site-accident-attorney.webp\" alt=\"bronx construction site accident attorney\" width=\"746\" height=\"420\" srcset=\"https:\/\/oreskylaw.com\/wp-content\/uploads\/2026\/01\/bronx-construction-site-accident-attorney.webp 746w, https:\/\/oreskylaw.com\/wp-content\/uploads\/2026\/01\/bronx-construction-site-accident-attorney-300x169.webp 300w\" sizes=\"auto, (max-width: 746px) 100vw, 746px\" \/>\n<h2>\u00bfC\u00f3mo Puede Ocurrir una Lesi\u00f3n de la M\u00e9dula Espinal?<\/h2>\n<p>Las lesiones de la m\u00e9dula espinal pueden surgir de muchas situaciones. Oresky &amp; Associates, PLLC maneja todo tipo de casos de accidentes. Nuestros abogados de lesiones personales en la ciudad de New York abogan por clientes que han sufrido lesiones debido a:<\/p>\n<ul>\n<li>Accidentes de construcci\u00f3n<\/li>\n<li>Accidentes de auto<\/li>\n<li>Accidentes de camiones<\/li>\n<li>Accidentes de tren<\/li>\n<li>Accidentes de bicicleta<\/li>\n<li>Accidentes de motocicleta<\/li>\n<li>Accidentes peatonales<\/li>\n<li>Accidentes laborales<\/li>\n<li>Accidentes por resbalones y ca\u00eddas<\/li>\n<li>Ca\u00eddas desde alturas<\/li>\n<li>Accidentes de navegaci\u00f3n<\/li>\n<li>Negligencia m\u00e9dica, incluidas las lesiones de nacimiento y las lesiones de la m\u00e9dula espinal con complicaciones resultantes, incluida la reducci\u00f3n de la esperanza de vida y la muerte por negligencia.<\/li>\n<\/ul>\n<h2>Los Beneficios de Contratar a Nuestros Abogados de Lesiones de la M\u00e9dula Espinal en la Ciudad de New York<\/h2>\n<p>Construir un reclamo fuerte por lesiones personales no es algo que pueda hacer en una tarde. Requiere un entendimiento del proceso de reclamos, negociaciones y recopilaci\u00f3n de pruebas. Despu\u00e9s de una lesi\u00f3n de la m\u00e9dula espinal, lo \u00faltimo que desea es manejar estas obligaciones solo. Cuando conf\u00eda su caso a un abogado de Oresky &amp; Associates, PLLC:<\/p>\n<h3>Gestionamos Todos los Plazos Relacionados con el Caso<\/h3>\n<p>New York establece plazos sobre cu\u00e1nto tiempo tienen las personas lesionadas para demandar despu\u00e9s de sufrir una lesi\u00f3n grave. En el caso de reclamos por negligencia, generalmente tiene tres a\u00f1os para iniciar una demanda civil. Dos a\u00f1os y medio en el caso de negligencia m\u00e9dica. Hay plazos de prescripci\u00f3n m\u00e1s cortos para las entidades gubernamentales. Estos plazos pueden pasar en un abrir y cerrar de ojos mientras se recupera. No se preocupe. Con su caso en nuestras manos, manejamos todos los asuntos sensibles al tiempo, incluido el plazo de prescripci\u00f3n.<\/p>\n<h3>Se Beneficia de Nuestras D\u00e9cadas de Experiencia<\/h3>\n<p>Los abogados de Oresky &amp; Associates, PLLC han asegurado m\u00e1s de $500 millones en veredictos y acuerdos para clientes lesionados. Nuestra familiaridad con el sistema legal de New York, junto con nuestro impulso, nos ha permitido asegurar resoluciones justas como las siguientes:<\/p>\n<ul>\n<li>Veredicto de $18 millones para un trabajador de construcci\u00f3n que cay\u00f3 de un andamio;<\/li>\n<li>$5 millones para la familia de un peat\u00f3n atropellado fatalmente por un autob\u00fas escolar;<\/li>\n<li>$6 millones para un hombre que sufri\u00f3 quemaduras por supervisi\u00f3n negligente;<\/li>\n<li>$4.6 millones para nuestro cliente lesionado en un accidente de auto con m\u00faltiples veh\u00edculos.<\/li>\n<\/ul>\n<blockquote><p><a href=\"https:\/\/oreskylaw.com\/es\/testimonios\/\">Un cliente comparti\u00f3<\/a>: \u201cArreglar para que Jacob Oresky &amp; Associates, PLLC manejara mi caso fue una excelente decisi\u00f3n\u2026 Se logr\u00f3 un trabajo legal favorable en solo unos d\u00edas. Y un resultado de acuerdo superior fue organizado y finalizado en tiempo r\u00e9cord. Estoy seguro de que ning\u00fan otro bufete de abogados de accidentes trabaja m\u00e1s duro o mejor para sus clientes.\u201d<\/p><\/blockquote>\n    <div class=\"cw-cta-box\">\n        <div class=\"cw-cta-box__inner \">\n            <div class=\"cw-cta-box__info\">\n                                    <div class=\"label\">\u00a1Llame ahora!<\/div>\n                            <\/div>\n                            <div class=\"contact-phone\">\n                    <a href=\"tel:7189939999\"\n                        aria-label=\"Tap to call button\">\n                        718-993-9999                    <\/a>\n                <\/div>\n                    <\/div>\n                    <a href=\"\/es\/contacto\/\"\n               class=\"cta-btn btn btn--primary btn\"\n               target=\"\">\n                Obtenga Una Consulta Gratuita            <\/a>\n            <\/div>\n    \n<h2>Defendemos a Reclamantes Lesionados con Lesiones de la M\u00e9dula Espinal<\/h2>\n<p>El trauma de la m\u00e9dula espinal generalmente se divide en dos categor\u00edas: incompleto y completo. Una lesi\u00f3n incompleta de la m\u00e9dula espinal significa que la m\u00e9dula espinal a\u00fan puede comunicarse con otras partes del cuerpo. Una lesi\u00f3n completa de la m\u00e9dula espinal significa que la m\u00e9dula espinal fue seccionada.<\/p>\n<h2>\u00bfQu\u00e9 Debo Hacer Despu\u00e9s de Sufrir una Lesi\u00f3n de la M\u00e9dula Espinal en NYC?<\/h2>\n<p>Obtener atenci\u00f3n m\u00e9dica es la consideraci\u00f3n m\u00e1s importante despu\u00e9s de un accidente grave. Un profesional m\u00e9dico puede diagnosticar su condici\u00f3n, tratar sus lesiones y ayudarlo a aliviar su dolor.<\/p>\n<h3>Mantenga Toda la Informaci\u00f3n Relacionada con el Incidente<\/h3>\n<p>Recopilaremos las pruebas necesarias para construir un caso convincente. Sin embargo, puede que usted tenga en su posesi\u00f3n ciertos elementos que su abogado puede utilizar. Le animamos a mantener cierta informaci\u00f3n, como una copia del informe del accidente e informaci\u00f3n de su equipo de atenci\u00f3n m\u00e9dica (como el papeleo de alta y copias de cualquier resultado de pruebas que reciba).<\/p>\n<p>Si obtiene otra informaci\u00f3n clave, como los nombres y direcciones de los testigos o fotos del accidente, por favor comp\u00e1rtelos con nosotros. La documentaci\u00f3n sobre sus p\u00e9rdidas, incluidos los gastos m\u00e9dicos, de transporte y otros art\u00edculos de su propio bolsillo, nos ayudar\u00e1 a demostrar sus p\u00e9rdidas.<\/p>\n","protected":false},"excerpt":{"rendered":"<p>Sus Abogados de Lesiones de la M\u00e9dula Espinal de Confianza en NYC Despu\u00e9s de su lesi\u00f3n de la m\u00e9dula espinal, nuestros abogados de lesiones personales ofrecen m\u00e1s que representaci\u00f3n legal; ofrecemos esperanza. No hay nada m\u00e1s disruptivo para su vida que una lesi\u00f3n abrumadora. Sin embargo, con nuestra defensa, puede enfocarse en su recuperaci\u00f3n mientras [&hellip;]<\/p>\n","protected":false},"author":9,"featured_media":0,"parent":19949,"menu_order":34,"comment_status":"closed","ping_status":"closed","template":"","meta":{"_acf_changed":false,"footnotes":""},"class_list":["post-20114","page","type-page","status-publish","hentry"],"acf":[],"yoast_head":"<!-- This site is optimized with the Yoast SEO plugin v27.3 - https:\/\/yoast.com\/product\/yoast-seo-wordpress\/ -->\n<title>Abogado de Lesiones de la M\u00e9dula Espinal en la Ciudad de New York - Oresky &amp; Associates, PLLC<\/title>\n<meta name=\"description\" content=\"Conf\u00ede en Oresky &amp; Associates, PLLC para una representaci\u00f3n legal experimentada que le asegure la recuperaci\u00f3n que merece por su lesi\u00f3n de la m\u00e9dula espinal. \u00a1Llame hoy!\" \/>\n<meta name=\"robots\" content=\"index, follow, max-snippet:-1, max-image-preview:large, max-video-preview:-1\" \/>\n<link rel=\"canonical\" href=\"https:\/\/oreskylaw.com\/es\/lesion\/abogados-de-lesiones-de-la-medula-espinal\/\" \/>\n<meta property=\"og:locale\" content=\"es_ES\" \/>\n<meta property=\"og:type\" content=\"article\" \/>\n<meta property=\"og:title\" content=\"Abogado de Lesiones de la M\u00e9dula Espinal en la Ciudad de New York - Oresky &amp; Associates, PLLC\" \/>\n<meta property=\"og:description\" content=\"Conf\u00ede en Oresky &amp; Associates, PLLC para una representaci\u00f3n legal experimentada que le asegure la recuperaci\u00f3n que merece por su lesi\u00f3n de la m\u00e9dula espinal. \u00a1Llame hoy!\" \/>\n<meta property=\"og:url\" content=\"https:\/\/oreskylaw.com\/es\/lesion\/abogados-de-lesiones-de-la-medula-espinal\/\" \/>\n<meta property=\"og:site_name\" content=\"Oresky &amp; Associates, PLLC\" \/>\n<meta property=\"article:publisher\" content=\"https:\/\/www.facebook.com\/Oreskylaw\/\" \/>\n<meta property=\"article:modified_time\" content=\"2026-01-31T12:41:24+00:00\" \/>\n<meta property=\"og:image\" content=\"https:\/\/oreskylaw.com\/wp-content\/uploads\/2026\/01\/bronx-construction-site-accident-attorney.webp\" \/>\n\t<meta property=\"og:image:width\" content=\"746\" \/>\n\t<meta property=\"og:image:height\" content=\"420\" \/>\n\t<meta property=\"og:image:type\" content=\"image\/webp\" \/>\n<meta name=\"twitter:card\" content=\"summary_large_image\" \/>\n<meta name=\"twitter:site\" content=\"@JacobOreskyLaw\" \/>\n<meta name=\"twitter:label1\" content=\"Tiempo de lectura\" \/>\n\t<meta name=\"twitter:data1\" content=\"4 minutos\" \/>\n<!-- \/ Yoast SEO plugin. -->","yoast_head_json":{"title":"Abogado de Lesiones de la M\u00e9dula Espinal en la Ciudad de New York - Oresky & Associates, PLLC","description":"Conf\u00ede en Oresky & Associates, PLLC para una representaci\u00f3n legal experimentada que le asegure la recuperaci\u00f3n que merece por su lesi\u00f3n de la m\u00e9dula espinal. \u00a1Llame hoy!","robots":{"index":"index","follow":"follow","max-snippet":"max-snippet:-1","max-image-preview":"max-image-preview:large","max-video-preview":"max-video-preview:-1"},"canonical":"https:\/\/oreskylaw.com\/es\/lesion\/abogados-de-lesiones-de-la-medula-espinal\/","og_locale":"es_ES","og_type":"article","og_title":"Abogado de Lesiones de la M\u00e9dula Espinal en la Ciudad de New York - Oresky & Associates, PLLC","og_description":"Conf\u00ede en Oresky & Associates, PLLC para una representaci\u00f3n legal experimentada que le asegure la recuperaci\u00f3n que merece por su lesi\u00f3n de la m\u00e9dula espinal. \u00a1Llame hoy!","og_url":"https:\/\/oreskylaw.com\/es\/lesion\/abogados-de-lesiones-de-la-medula-espinal\/","og_site_name":"Oresky &amp; Associates, PLLC","article_publisher":"https:\/\/www.facebook.com\/Oreskylaw\/","article_modified_time":"2026-01-31T12:41:24+00:00","og_image":[{"width":746,"height":420,"url":"https:\/\/oreskylaw.com\/wp-content\/uploads\/2026\/01\/bronx-construction-site-accident-attorney.webp","type":"image\/webp"}],"twitter_card":"summary_large_image","twitter_site":"@JacobOreskyLaw","twitter_misc":{"Tiempo de lectura":"4 minutos"},"schema":{"@context":"https:\/\/schema.org","@graph":[{"@type":"WebPage","@id":"https:\/\/oreskylaw.com\/es\/lesion\/abogados-de-lesiones-de-la-medula-espinal\/","url":"https:\/\/oreskylaw.com\/es\/lesion\/abogados-de-lesiones-de-la-medula-espinal\/","name":"Abogado de Lesiones de la M\u00e9dula Espinal en la Ciudad de New York - Oresky & Associates, PLLC","isPartOf":{"@id":"https:\/\/oreskylaw.com\/es\/#website"},"primaryImageOfPage":{"@id":"https:\/\/oreskylaw.com\/es\/lesion\/abogados-de-lesiones-de-la-medula-espinal\/#primaryimage"},"image":{"@id":"https:\/\/oreskylaw.com\/es\/lesion\/abogados-de-lesiones-de-la-medula-espinal\/#primaryimage"},"thumbnailUrl":"https:\/\/oreskylaw.com\/wp-content\/uploads\/2026\/01\/bronx-construction-site-accident-attorney.webp","datePublished":"2025-12-10T06:31:28+00:00","dateModified":"2026-01-31T12:41:24+00:00","description":"Conf\u00ede en Oresky & Associates, PLLC para una representaci\u00f3n legal experimentada que le asegure la recuperaci\u00f3n que merece por su lesi\u00f3n de la m\u00e9dula espinal. \u00a1Llame hoy!","breadcrumb":{"@id":"https:\/\/oreskylaw.com\/es\/lesion\/abogados-de-lesiones-de-la-medula-espinal\/#breadcrumb"},"inLanguage":"es","potentialAction":[{"@type":"ReadAction","target":["https:\/\/oreskylaw.com\/es\/lesion\/abogados-de-lesiones-de-la-medula-espinal\/"]}]},{"@type":"ImageObject","inLanguage":"es","@id":"https:\/\/oreskylaw.com\/es\/lesion\/abogados-de-lesiones-de-la-medula-espinal\/#primaryimage","url":"https:\/\/oreskylaw.com\/wp-content\/uploads\/2026\/01\/bronx-construction-site-accident-attorney.webp","contentUrl":"https:\/\/oreskylaw.com\/wp-content\/uploads\/2026\/01\/bronx-construction-site-accident-attorney.webp"},{"@type":"BreadcrumbList","@id":"https:\/\/oreskylaw.com\/es\/lesion\/abogados-de-lesiones-de-la-medula-espinal\/#breadcrumb","itemListElement":[{"@type":"ListItem","position":1,"name":"Inicio","item":"https:\/\/oreskylaw.com\/es\/"},{"@type":"ListItem","position":2,"name":"Recursos","item":"https:\/\/oreskylaw.com\/es\/lesion\/"},{"@type":"ListItem","position":3,"name":"Abogado de Lesiones de la M\u00e9dula Espinal en la Ciudad de New York"}]},{"@type":"WebSite","@id":"https:\/\/oreskylaw.com\/es\/#website","url":"https:\/\/oreskylaw.com\/es\/","name":"Oresky & Associates PLLC","description":"","publisher":{"@id":"https:\/\/oreskylaw.com\/es\/#organization"},"potentialAction":[{"@type":"SearchAction","target":{"@type":"EntryPoint","urlTemplate":"https:\/\/oreskylaw.com\/es\/?s={search_term_string}"},"query-input":{"@type":"PropertyValueSpecification","valueRequired":true,"valueName":"search_term_string"}}],"inLanguage":"es"}]}},"_links":{"self":[{"href":"https:\/\/oreskylaw.com\/es\/wp-json\/wp\/v2\/pages\/20114","targetHints":{"allow":["GET"]}}],"collection":[{"href":"https:\/\/oreskylaw.com\/es\/wp-json\/wp\/v2\/pages"}],"about":[{"href":"https:\/\/oreskylaw.com\/es\/wp-json\/wp\/v2\/types\/page"}],"author":[{"embeddable":true,"href":"https:\/\/oreskylaw.com\/es\/wp-json\/wp\/v2\/users\/9"}],"replies":[{"embeddable":true,"href":"https:\/\/oreskylaw.com\/es\/wp-json\/wp\/v2\/comments?post=20114"}],"version-history":[{"count":0,"href":"https:\/\/oreskylaw.com\/es\/wp-json\/wp\/v2\/pages\/20114\/revisions"}],"up":[{"embeddable":true,"href":"https:\/\/oreskylaw.com\/es\/wp-json\/wp\/v2\/pages\/19949"}],"wp:attachment":[{"href":"https:\/\/oreskylaw.com\/es\/wp-json\/wp\/v2\/media?parent=20114"}],"curies":[{"name":"wp","href":"https:\/\/api.w.org\/{rel}","templated":true}]}}