{"id":20162,"date":"2025-11-10T12:56:30","date_gmt":"2025-11-10T12:56:30","guid":{"rendered":"https:\/\/oreskylaw.com\/?page_id=20162"},"modified":"2026-01-28T06:46:49","modified_gmt":"2026-01-28T06:46:49","slug":"politica-de-privacidad","status":"publish","type":"page","link":"https:\/\/oreskylaw.com\/es\/politica-de-privacidad\/","title":{"rendered":"Pol\u00edtica de Privacidad"},"content":{"rendered":"<h2>Recopilaci\u00f3n de Informaci\u00f3n<\/h2>\n<p>La Firma puede pedirle que proporcione cierta informaci\u00f3n adicional sobre usted, incluidos su nombre, informaci\u00f3n de contacto, la organizaci\u00f3n de la que proviene y cierta otra informaci\u00f3n que \u2028La Firma puede utilizarla para identificarlo. Si decide no proporcionar dicha informaci\u00f3n, es posible que no se le permita acceder a ciertas funciones, contenidos o servicios del sitio web de la Firma.<\/p>\n<h2>Uso de La Informaci\u00f3n<\/h2>\n<ol>\n<li>La Firma utiliza la informaci\u00f3n que recopila sobre usted para mejorar su experiencia de navegaci\u00f3n personalizando los sitios web de La Firma seg\u00fan sus intereses, y tambi\u00e9n para ayudar a La Firma a seleccionar el contenido y los servicios que puedan resultarle interesantes y \u00fatiles. La informaci\u00f3n sobre el contenido que visita y los servicios que utiliza puede usarse sola o junto con la informaci\u00f3n recopilada de otros usuarios para ayudar a The Firm a adaptar el sitio web de The Firm y sus otros productos y servicios para que se adapten mejor a sus necesidades e intereses y a los de otros usuarios.<\/li>\n<li>La informaci\u00f3n que usted proporcione tambi\u00e9n se puede utilizar como parte de los esfuerzos de La Firma por mantenerlo informado sobre los eventos y los productos y servicios seleccionados que puedan interesarle. En algunos casos, La Firma puede contactarlo con informaci\u00f3n de terceros cuidadosamente seleccionados, pero La Firma no proporcionar\u00e1 informaci\u00f3n a terceros para tales fines. En otros casos, su informaci\u00f3n podr\u00eda compartirse con un tercero de conformidad con un proceso que contemple dicho intercambio, pero que usted inicie a sabiendas.<\/li>\n<li>La Firma se reserva el derecho de divulgar cualquier informaci\u00f3n que obtenga a trav\u00e9s del sitio web de la Firma a las autoridades gubernamentales o reguladoras correspondientes, si as\u00ed lo exige la ley o cualquier agencia gubernamental.<\/li>\n<\/ol>\n<h2>Transferencias de Informaci\u00f3n<\/h2>\n<p>Ocasionalmente, La Firma puede divulgar informaci\u00f3n sobre usted a proveedores de servicios cuidadosamente seleccionados que La Firma puede contratar para alojar el sitio web de la Firma o para proporcionar otros servicios. La Firma exigir\u00e1 a todos estos proveedores de servicios que utilicen la informaci\u00f3n \u00fanicamente para proporcionar los servicios especificados y, de lo contrario, que cumplan con los requisitos de esta Pol\u00edtica de privacidad. Salvo lo dispuesto en esta Pol\u00edtica de privacidad, La Firma no proporcionar\u00e1 su informaci\u00f3n a terceros para ning\u00fan otro prop\u00f3sito, incluido el marketing.<\/p>\n<p>SMS opt-ins or phone numbers intended for SMS purposes are not sold, shared, or disclosed with any third party or any other individual.<\/p>\n<h2>Servicios Adicionales<\/h2>\n<p>De vez en cuando, la Firma puede ofrecer servicios adicionales a trav\u00e9s del sitio web de la Firma. En algunos casos, los servicios adicionales pueden estar sujetos a t\u00e9rminos de uso alternativos (seg\u00fan los identifique La Firma), y el uso de dichos servicios constituir\u00e1 su aceptaci\u00f3n de dichos t\u00e9rminos de uso alternativos. A menos que se indique lo contrario, dichos t\u00e9rminos de uso alternativos se aplicar\u00e1n para complementar este Acuerdo y, en el contexto de cualquier t\u00e9rmino conflictivo, este Acuerdo regir\u00e1 con respecto a los sitios web, el contenido y los servicios de La Firma, excepto solo aquellos servicios que est\u00e9n cubiertos expresamente, y solo en la medida en que est\u00e9n cubiertos expresamente, por dichos t\u00e9rminos alternativos.<\/p>\n<h3>La Informaci\u00f3n Enviada a Trav\u00e9s del Sitio Web No Es Segura<\/h3>\n<p>Cualquier informaci\u00f3n que se env\u00ede a la empresa por correo electr\u00f3nico de Internet o a trav\u00e9s del sitio web no es segura y se hace de forma no confidencial. Cualquier informaci\u00f3n que env\u00ede a la Firma a trav\u00e9s de Internet, ya sea a trav\u00e9s del sitio web de la Firma o por correo electr\u00f3nico, se hace bajo su propio riesgo.<\/p>\n<h3>El Env\u00edo de Informaci\u00f3n No Forma Una Relaci\u00f3n Entre Abogado y Cliente<\/h3>\n<p>La transmisi\u00f3n de informaci\u00f3n desde este sitio web no crea una relaci\u00f3n abogado-cliente entre usted y la firma, ni tiene la intenci\u00f3n de hacerlo. La transmisi\u00f3n del sitio web, en parte o en su totalidad, y\/o cualquier comunicaci\u00f3n con nosotros por correo electr\u00f3nico de Internet a trav\u00e9s de este sitio no constituye ni crea una relaci\u00f3n abogado-cliente entre nosotros y ning\u00fan destinatario.<\/p>\n<h3>Cancelar Suscripci\u00f3n<\/h3>\n<p>Los usuarios que deseen excluirse deben responder a cualquier comunicaci\u00f3n de marketing con el asunto \u00abcancelar la suscripci\u00f3n\u00bb.<\/p>\n","protected":false},"excerpt":{"rendered":"<p>Recopilaci\u00f3n de Informaci\u00f3n La Firma puede pedirle que proporcione cierta informaci\u00f3n adicional sobre usted, incluidos su nombre, informaci\u00f3n de contacto, la organizaci\u00f3n de la que proviene y cierta otra informaci\u00f3n que \u2028La Firma puede utilizarla para identificarlo. Si decide no proporcionar dicha informaci\u00f3n, es posible que no se le permita acceder a ciertas funciones, contenidos [&hellip;]<\/p>\n","protected":false},"author":9,"featured_media":0,"parent":0,"menu_order":164,"comment_status":"closed","ping_status":"closed","template":"","meta":{"_acf_changed":false,"footnotes":""},"class_list":["post-20162","page","type-page","status-publish","hentry"],"acf":[],"yoast_head":"<!-- This site is optimized with the Yoast SEO plugin v27.3 - https:\/\/yoast.com\/product\/yoast-seo-wordpress\/ -->\n<title>Pol\u00edtica de privacidad - Oresky &amp; Associates, PLLC<\/title>\n<meta name=\"description\" content=\"Consulte la pol\u00edtica de privacidad del sitio web de Oresky &amp; Associates, PLLC.\" \/>\n<meta name=\"robots\" content=\"index, follow, max-snippet:-1, max-image-preview:large, max-video-preview:-1\" \/>\n<link rel=\"canonical\" href=\"https:\/\/oreskylaw.com\/es\/politica-de-privacidad\/\" \/>\n<meta property=\"og:locale\" content=\"es_ES\" \/>\n<meta property=\"og:type\" content=\"article\" \/>\n<meta property=\"og:title\" content=\"Pol\u00edtica de privacidad - Oresky &amp; Associates, PLLC\" \/>\n<meta property=\"og:description\" content=\"Consulte la pol\u00edtica de privacidad del sitio web de Oresky &amp; Associates, PLLC.\" \/>\n<meta property=\"og:url\" content=\"https:\/\/oreskylaw.com\/es\/politica-de-privacidad\/\" \/>\n<meta property=\"og:site_name\" content=\"Oresky &amp; Associates, PLLC\" \/>\n<meta property=\"article:publisher\" content=\"https:\/\/www.facebook.com\/Oreskylaw\/\" \/>\n<meta property=\"article:modified_time\" content=\"2026-01-28T06:46:49+00:00\" \/>\n<meta property=\"og:image\" content=\"https:\/\/oreskylaw.com\/wp-content\/uploads\/2026\/01\/oresky-team-careers.png\" \/>\n\t<meta property=\"og:image:width\" content=\"995\" \/>\n\t<meta property=\"og:image:height\" content=\"617\" \/>\n\t<meta property=\"og:image:type\" content=\"image\/png\" \/>\n<meta name=\"twitter:card\" content=\"summary_large_image\" \/>\n<meta name=\"twitter:site\" content=\"@JacobOreskyLaw\" \/>\n<meta name=\"twitter:label1\" content=\"Tiempo de lectura\" \/>\n\t<meta name=\"twitter:data1\" content=\"4 minutos\" \/>\n<!-- \/ Yoast SEO plugin. -->","yoast_head_json":{"title":"Pol\u00edtica de privacidad - Oresky & Associates, PLLC","description":"Consulte la pol\u00edtica de privacidad del sitio web de Oresky & Associates, PLLC.","robots":{"index":"index","follow":"follow","max-snippet":"max-snippet:-1","max-image-preview":"max-image-preview:large","max-video-preview":"max-video-preview:-1"},"canonical":"https:\/\/oreskylaw.com\/es\/politica-de-privacidad\/","og_locale":"es_ES","og_type":"article","og_title":"Pol\u00edtica de privacidad - Oresky & Associates, PLLC","og_description":"Consulte la pol\u00edtica de privacidad del sitio web de Oresky & Associates, PLLC.","og_url":"https:\/\/oreskylaw.com\/es\/politica-de-privacidad\/","og_site_name":"Oresky &amp; Associates, PLLC","article_publisher":"https:\/\/www.facebook.com\/Oreskylaw\/","article_modified_time":"2026-01-28T06:46:49+00:00","og_image":[{"width":995,"height":617,"url":"https:\/\/oreskylaw.com\/wp-content\/uploads\/2026\/01\/oresky-team-careers.png","type":"image\/png"}],"twitter_card":"summary_large_image","twitter_site":"@JacobOreskyLaw","twitter_misc":{"Tiempo de lectura":"4 minutos"},"schema":{"@context":"https:\/\/schema.org","@graph":[{"@type":"WebPage","@id":"https:\/\/oreskylaw.com\/es\/politica-de-privacidad\/","url":"https:\/\/oreskylaw.com\/es\/politica-de-privacidad\/","name":"Pol\u00edtica de privacidad - Oresky & Associates, PLLC","isPartOf":{"@id":"https:\/\/oreskylaw.com\/es\/#website"},"datePublished":"2025-11-10T12:56:30+00:00","dateModified":"2026-01-28T06:46:49+00:00","description":"Consulte la pol\u00edtica de privacidad del sitio web de Oresky & Associates, PLLC.","breadcrumb":{"@id":"https:\/\/oreskylaw.com\/es\/politica-de-privacidad\/#breadcrumb"},"inLanguage":"es","potentialAction":[{"@type":"ReadAction","target":["https:\/\/oreskylaw.com\/es\/politica-de-privacidad\/"]}]},{"@type":"BreadcrumbList","@id":"https:\/\/oreskylaw.com\/es\/politica-de-privacidad\/#breadcrumb","itemListElement":[{"@type":"ListItem","position":1,"name":"Inicio","item":"https:\/\/oreskylaw.com\/es\/"},{"@type":"ListItem","position":2,"name":"Pol\u00edtica de Privacidad"}]},{"@type":"WebSite","@id":"https:\/\/oreskylaw.com\/es\/#website","url":"https:\/\/oreskylaw.com\/es\/","name":"Oresky & Associates PLLC","description":"","publisher":{"@id":"https:\/\/oreskylaw.com\/es\/#organization"},"potentialAction":[{"@type":"SearchAction","target":{"@type":"EntryPoint","urlTemplate":"https:\/\/oreskylaw.com\/es\/?s={search_term_string}"},"query-input":{"@type":"PropertyValueSpecification","valueRequired":true,"valueName":"search_term_string"}}],"inLanguage":"es"}]}},"_links":{"self":[{"href":"https:\/\/oreskylaw.com\/es\/wp-json\/wp\/v2\/pages\/20162","targetHints":{"allow":["GET"]}}],"collection":[{"href":"https:\/\/oreskylaw.com\/es\/wp-json\/wp\/v2\/pages"}],"about":[{"href":"https:\/\/oreskylaw.com\/es\/wp-json\/wp\/v2\/types\/page"}],"author":[{"embeddable":true,"href":"https:\/\/oreskylaw.com\/es\/wp-json\/wp\/v2\/users\/9"}],"replies":[{"embeddable":true,"href":"https:\/\/oreskylaw.com\/es\/wp-json\/wp\/v2\/comments?post=20162"}],"version-history":[{"count":0,"href":"https:\/\/oreskylaw.com\/es\/wp-json\/wp\/v2\/pages\/20162\/revisions"}],"wp:attachment":[{"href":"https:\/\/oreskylaw.com\/es\/wp-json\/wp\/v2\/media?parent=20162"}],"curies":[{"name":"wp","href":"https:\/\/api.w.org\/{rel}","templated":true}]}}